{"id":28802,"date":"2026-01-21T12:00:28","date_gmt":"2026-01-21T12:00:28","guid":{"rendered":"https:\/\/remato.com\/manualer\/"},"modified":"2026-02-10T12:34:51","modified_gmt":"2026-02-10T12:34:51","slug":"manualer","status":"publish","type":"page","link":"https:\/\/remato.com\/sv\/manualer\/","title":{"rendered":"Manualer"},"content":{"rendered":"\n<p>V\u00e4lkommen till Rematos sida f\u00f6r <strong>anv\u00e4ndarmanualer<\/strong>, din plats f\u00f6r steg-f\u00f6r-steg-guider och <strong>nedladdningsbar PDF<\/strong>-dokumentation f\u00f6r Remato-plattformen. H\u00e4r hittar du praktiska instruktioner och f\u00f6rklaringar av funktioner. Oavsett om du konfigurerar ditt team f\u00f6r f\u00f6rsta g\u00e5ngen eller letar efter en snabbreferens, <strong>kommer dessa manualer att hj\u00e4lpa dig att f\u00e5 ditt team ombord.<\/strong><\/p>\n\n<p>Alla manualer tillhandah\u00e5lls som l\u00e4ttladdade <strong>PDF-filer<\/strong> och finns tillg\u00e4ngliga p\u00e5 <strong>flera spr\u00e5k<\/strong>, s\u00e5 att hela ditt team kan l\u00e4ra sig och arbeta p\u00e5 det spr\u00e5k de k\u00e4nner sig mest bekv\u00e4ma med. Vi f\u00f6rb\u00e4ttrar och uppdaterar regelbundet v\u00e5r dokumentation f\u00f6r att h\u00e5lla den tydlig, hj\u00e4lpsam och anpassad till de senaste Remato-funktionerna.<\/p>\n\n<p>Anv\u00e4nd avsnitten nedan f\u00f6r att v\u00e4lja den manual du beh\u00f6ver och ladda ner den p\u00e5 ditt f\u00f6redragna spr\u00e5k.<\/p>\n\n<h2 class=\"wp-block-heading\">Bes\u00e4ttningsledning<\/h2>\n\n<p>Den h\u00e4r manualen hj\u00e4lper till med den f\u00f6rsta installationen, <a href=\"https:\/\/remato.com\/sv\/programvara-for-uppfoljning-av-byggtid\/\" data-type=\"page\" data-id=\"18779\"><strong>tidssp\u00e5rning<\/strong><\/a> och <a href=\"https:\/\/remato.com\/sv\/byggfoto-app\/\" data-type=\"page\" data-id=\"18254\"><strong>foton<\/strong><\/a>.<\/p>\n\n<ul class=\"wp-block-list\">\n<li><a href=\"https:\/\/drive.google.com\/file\/d\/1xC2D4l_VBQFO27rKrpOXQhiYCWTXBKQY\/view?usp=sharing\" target=\"_blank\" rel=\"noreferrer noopener\">Engelska<\/a><\/li>\n\n\n\n<li><a href=\"https:\/\/drive.google.com\/file\/d\/11C0p9JDLCksEtPu3ZoX0FYwsT_Peevbu\/view?usp=sharing\" target=\"_blank\" rel=\"noreferrer noopener\">Estniska<\/a><\/li>\n\n\n\n<li><a href=\"https:\/\/drive.google.com\/file\/d\/1r9I-jm5_KdDRupknbCUyfLJf1CmXjLyq\/view?usp=sharing\" target=\"_blank\" rel=\"noreferrer noopener\">Grekiska<\/a><\/li>\n\n\n\n<li><a href=\"https:\/\/drive.google.com\/file\/d\/1m6kjJaEu-PDV0oVtDKboAWfqwHUyv91W\/view?usp=sharing\" target=\"_blank\" rel=\"noreferrer noopener\">Lettiska<\/a><\/li>\n\n\n\n<li><a href=\"https:\/\/drive.google.com\/file\/d\/1udHF8EfTeQDQY30mZj7qb5vxw1aHuNp9\/view?usp=sharing\" target=\"_blank\" rel=\"noopener\">Polska<\/a><\/li>\n\n\n\n<li><a href=\"https:\/\/drive.google.com\/file\/d\/1cU7lBxBFMoMvHiYmWN-EQYPgs-VyP5r7\/view?usp=sharing\" target=\"_blank\" data-type=\"link\" data-id=\"https:\/\/drive.google.com\/file\/d\/1cU7lBxBFMoMvHiYmWN-EQYPgs-VyP5r7\/view?usp=sharing\" rel=\"noreferrer noopener\">Ryska<\/a><\/li>\n\n\n\n<li><a href=\"https:\/\/drive.google.com\/file\/d\/1JdpJ53CiSWGVZRz_6yCXc3ck8W9AzFI1\/view?usp=drive_link\" data-type=\"link\" data-id=\"https:\/\/drive.google.com\/file\/d\/1JdpJ53CiSWGVZRz_6yCXc3ck8W9AzFI1\/view?usp=drive_link\" target=\"_blank\" rel=\"noopener\">Spanska<\/a><\/li>\n\n\n\n<li><a href=\"https:\/\/drive.google.com\/file\/d\/1uppzWRyWlEl04omdp3_avXUex8qi8Sct\/view?usp=sharing\" target=\"_blank\" data-type=\"link\" data-id=\"https:\/\/drive.google.com\/file\/d\/1uppzWRyWlEl04omdp3_avXUex8qi8Sct\/view?usp=sharing\" rel=\"noreferrer noopener\">Uzbekiska<\/a><\/li>\n<\/ul>\n\n<h2 class=\"wp-block-heading\">Verktygshantering<\/h2>\n\n<p>Den h\u00e4r manualen ger en grundl\u00e4ggande \u00f6versikt \u00f6ver <strong><a href=\"https:\/\/remato.com\/sv\/verktyg-hantering\/\" data-type=\"page\" data-id=\"149\">verktygshantering<\/a><\/strong> (inkl. QR-kodsskanning).<\/p>\n\n<ul class=\"wp-block-list\">\n<li><a href=\"https:\/\/drive.google.com\/file\/d\/1OeeGhS0DJ5woG3UfED4PmJiJ0A9_xhwr\/view?usp=sharing\" target=\"_blank\" data-type=\"link\" data-id=\"https:\/\/drive.google.com\/file\/d\/1OeeGhS0DJ5woG3UfED4PmJiJ0A9_xhwr\/view?usp=sharing\" rel=\"noreferrer noopener\">Engelska<\/a><\/li>\n\n\n\n<li><a href=\"https:\/\/drive.google.com\/file\/d\/1z_kOvzXhWlzblf42c6pxVMLX3GnyMHXH\/view?usp=sharing\" target=\"_blank\" rel=\"noreferrer noopener\">Estniska<\/a><\/li>\n\n\n\n<li><a href=\"https:\/\/drive.google.com\/file\/d\/1zFpiHYweYMM3IMiqqqk0-eS81uFlLBNV\/view?usp=sharing\" target=\"_blank\" data-type=\"link\" data-id=\"https:\/\/drive.google.com\/file\/d\/1zFpiHYweYMM3IMiqqqk0-eS81uFlLBNV\/view?usp=sharing\" rel=\"noreferrer noopener\">Grekiska<\/a><\/li>\n\n\n\n<li><a href=\"https:\/\/drive.google.com\/file\/d\/1n6uoliDFXt5RTNIANKpBd10NZ10C7hlp\/view?usp=sharing\" target=\"_blank\" data-type=\"link\" data-id=\"https:\/\/drive.google.com\/file\/d\/1n6uoliDFXt5RTNIANKpBd10NZ10C7hlp\/view?usp=sharing\" rel=\"noreferrer noopener\">Lettiska<\/a><\/li>\n\n\n\n<li><a href=\"https:\/\/drive.google.com\/file\/d\/1-6gdTNxvXsI-6N_yin1I6pLDi0yrBf1l\/view?usp=sharing\" data-type=\"link\" data-id=\"https:\/\/drive.google.com\/file\/d\/1-6gdTNxvXsI-6N_yin1I6pLDi0yrBf1l\/view?usp=sharing\" target=\"_blank\" rel=\"noopener\">Polska<\/a><\/li>\n\n\n\n<li><a href=\"https:\/\/drive.google.com\/file\/d\/1klCmZYOHav1P_VuSOCQmAfuTYo9Uv7hA\/view?usp=sharing\" target=\"_blank\" data-type=\"link\" data-id=\"https:\/\/drive.google.com\/file\/d\/1klCmZYOHav1P_VuSOCQmAfuTYo9Uv7hA\/view?usp=sharing\" rel=\"noreferrer noopener\">Ryska<\/a><\/li>\n\n\n\n<li><a href=\"https:\/\/drive.google.com\/file\/d\/1Z3PVWjNrQA4jLA35jZ1Ec-XO_qQ6nZ4P\/view?usp=drive_link\" data-type=\"link\" data-id=\"https:\/\/drive.google.com\/file\/d\/1Z3PVWjNrQA4jLA35jZ1Ec-XO_qQ6nZ4P\/view?usp=drive_link\" target=\"_blank\" rel=\"noopener\">Spanska<\/a><\/li>\n\n\n\n<li><a href=\"https:\/\/drive.google.com\/file\/d\/14PrCokaBWErKdkoWpmugD1XECuipsXtC\/view?usp=sharing\" target=\"_blank\" data-type=\"link\" data-id=\"https:\/\/drive.google.com\/file\/d\/14PrCokaBWErKdkoWpmugD1XECuipsXtC\/view?usp=sharing\" rel=\"noreferrer noopener\">Uzbekiska<\/a><\/li>\n<\/ul>\n\n<h2 class=\"wp-block-heading\">Byggplatshantering<\/h2>\n\n<p>Om du beh\u00f6ver manualer f\u00f6r <strong><a href=\"https:\/\/remato.com\/sv\/digital-byggplats-hantering\/\" data-type=\"page\" data-id=\"11281\">byggarbetsplatshantering<\/a><\/strong>, v\u00e4nligen kontakta v\u00e5rt supportteam p\u00e5 <strong><a href=\"mailto:support@remato.com\">support@remato.com<\/a><\/strong> s\u00e5 hj\u00e4lper vi dig med r\u00e4tt dokumentation.<\/p>\n\n<p><\/p>\n","protected":false},"excerpt":{"rendered":"<p>V\u00e4lkommen till Rematos sida f\u00f6r anv\u00e4ndarmanualer, din plats f\u00f6r steg-f\u00f6r-steg-guider och nedladdningsbar PDF-dokumentation f\u00f6r Remato-plattformen. H\u00e4r hittar du praktiska instruktioner och f\u00f6rklaringar av funktioner. Oavsett om du konfigurerar ditt team f\u00f6r f\u00f6rsta g\u00e5ngen eller letar efter en snabbreferens, kommer dessa manualer att hj\u00e4lpa dig att f\u00e5 ditt team ombord. Alla manualer tillhandah\u00e5lls som l\u00e4ttladdade PDF-filer [&hellip;]<\/p>\n","protected":false},"author":4,"featured_media":0,"parent":0,"menu_order":0,"comment_status":"closed","ping_status":"closed","template":"","meta":{"_acf_changed":false,"footnotes":""},"class_list":["post-28802","page","type-page","status-publish","hentry"],"acf":[],"_links":{"self":[{"href":"https:\/\/remato.com\/sv\/wp-json\/wp\/v2\/pages\/28802","targetHints":{"allow":["GET"]}}],"collection":[{"href":"https:\/\/remato.com\/sv\/wp-json\/wp\/v2\/pages"}],"about":[{"href":"https:\/\/remato.com\/sv\/wp-json\/wp\/v2\/types\/page"}],"author":[{"embeddable":true,"href":"https:\/\/remato.com\/sv\/wp-json\/wp\/v2\/users\/4"}],"replies":[{"embeddable":true,"href":"https:\/\/remato.com\/sv\/wp-json\/wp\/v2\/comments?post=28802"}],"version-history":[{"count":2,"href":"https:\/\/remato.com\/sv\/wp-json\/wp\/v2\/pages\/28802\/revisions"}],"predecessor-version":[{"id":29014,"href":"https:\/\/remato.com\/sv\/wp-json\/wp\/v2\/pages\/28802\/revisions\/29014"}],"wp:attachment":[{"href":"https:\/\/remato.com\/sv\/wp-json\/wp\/v2\/media?parent=28802"}],"curies":[{"name":"wp","href":"https:\/\/api.w.org\/{rel}","templated":true}]}}