{"id":28804,"date":"2026-01-21T12:00:28","date_gmt":"2026-01-21T12:00:28","guid":{"rendered":"https:\/\/remato.com\/instrukcje\/"},"modified":"2026-02-10T12:34:40","modified_gmt":"2026-02-10T12:34:40","slug":"instrukcje","status":"publish","type":"page","link":"https:\/\/remato.com\/pl\/instrukcje\/","title":{"rendered":"Instrukcje"},"content":{"rendered":"\n<p>Witamy na stronie <strong>instrukcji u\u017cytkownika<\/strong> Remato, gdzie znajdziesz przewodniki krok po kroku oraz <strong>dokumentacj\u0119 PDF<\/strong> do pobrania dla platformy Remato. Tutaj znajdziesz praktyczne instrukcje i obja\u015bnienia funkcji. Niezale\u017cnie od tego, czy konfigurujesz sw\u00f3j zesp\u00f3\u0142 po raz pierwszy, czy szukasz szybkiej pomocy, <strong>te instrukcje pomog\u0105 Ci we wdro\u017ceniu zespo\u0142u.<\/strong><\/p>\n\n<p>Wszystkie instrukcje s\u0105 dost\u0119pne jako \u0142atwe do pobrania <strong>pliki PDF<\/strong> i s\u0105 dost\u0119pne w <strong>wielu j\u0119zykach<\/strong>, dzi\u0119ki czemu ca\u0142y Pa\u0144stwa zesp\u00f3\u0142 mo\u017ce uczy\u0107 si\u0119 i pracowa\u0107 w j\u0119zyku, w kt\u00f3rym czuje si\u0119 najbardziej komfortowo. Regularnie ulepszamy i aktualizujemy nasz\u0105 dokumentacj\u0119, aby by\u0142a przejrzysta, pomocna i zgodna z najnowszymi funkcjami Remato.<\/p>\n\n<p>Skorzystaj z poni\u017cszych sekcji, aby wybra\u0107 potrzebn\u0105 instrukcj\u0119 i pobra\u0107 j\u0105 w preferowanym j\u0119zyku.<\/p>\n\n<h2 class=\"wp-block-heading\">Zarz\u0105dzanie ekip\u0105<\/h2>\n\n<p>Ta instrukcja pomaga w pocz\u0105tkowej konfiguracji, <a href=\"https:\/\/remato.com\/pl\/system-rejestracji-czasu-pracy\/\" data-type=\"page\" data-id=\"18779\"><strong>rejestrowaniu czasu pracy<\/strong><\/a> i obs\u0142udze <a href=\"https:\/\/remato.com\/pl\/aplikacja-do-zdjec-budowlanych\/\" data-type=\"page\" data-id=\"18254\"><strong>zdj\u0119\u0107<\/strong><\/a>.<\/p>\n\n<ul class=\"wp-block-list\">\n<li><a href=\"https:\/\/drive.google.com\/file\/d\/1xC2D4l_VBQFO27rKrpOXQhiYCWTXBKQY\/view?usp=sharing\" target=\"_blank\" rel=\"noreferrer noopener\">Angielski<\/a><\/li>\n\n\n\n<li><a href=\"https:\/\/drive.google.com\/file\/d\/11C0p9JDLCksEtPu3ZoX0FYwsT_Peevbu\/view?usp=sharing\" target=\"_blank\" rel=\"noreferrer noopener\">Esto\u0144ski<\/a><\/li>\n\n\n\n<li><a href=\"https:\/\/drive.google.com\/file\/d\/1r9I-jm5_KdDRupknbCUyfLJf1CmXjLyq\/view?usp=sharing\" target=\"_blank\" rel=\"noreferrer noopener\">Grecki<\/a><\/li>\n\n\n\n<li><a href=\"https:\/\/drive.google.com\/file\/d\/1m6kjJaEu-PDV0oVtDKboAWfqwHUyv91W\/view?usp=sharing\" target=\"_blank\" rel=\"noreferrer noopener\">\u0141otewski<\/a><\/li>\n\n\n\n<li><a href=\"https:\/\/drive.google.com\/file\/d\/1udHF8EfTeQDQY30mZj7qb5vxw1aHuNp9\/view?usp=sharing\" target=\"_blank\" rel=\"noopener\">Polski<\/a><\/li>\n\n\n\n<li><a href=\"https:\/\/drive.google.com\/file\/d\/1cU7lBxBFMoMvHiYmWN-EQYPgs-VyP5r7\/view?usp=sharing\" target=\"_blank\" data-type=\"link\" data-id=\"https:\/\/drive.google.com\/file\/d\/1cU7lBxBFMoMvHiYmWN-EQYPgs-VyP5r7\/view?usp=sharing\" rel=\"noreferrer noopener\">Rosyjski<\/a><\/li>\n\n\n\n<li><a href=\"https:\/\/drive.google.com\/file\/d\/1JdpJ53CiSWGVZRz_6yCXc3ck8W9AzFI1\/view?usp=drive_link\" data-type=\"link\" data-id=\"https:\/\/drive.google.com\/file\/d\/1JdpJ53CiSWGVZRz_6yCXc3ck8W9AzFI1\/view?usp=drive_link\" target=\"_blank\" rel=\"noopener\">Hiszpa\u0144ski<\/a><\/li>\n\n\n\n<li><a href=\"https:\/\/drive.google.com\/file\/d\/1uppzWRyWlEl04omdp3_avXUex8qi8Sct\/view?usp=sharing\" target=\"_blank\" data-type=\"link\" data-id=\"https:\/\/drive.google.com\/file\/d\/1uppzWRyWlEl04omdp3_avXUex8qi8Sct\/view?usp=sharing\" rel=\"noreferrer noopener\">Uzbecki<\/a><\/li>\n<\/ul>\n\n<h2 class=\"wp-block-heading\">Zarz\u0105dzanie narz\u0119dziami<\/h2>\n\n<p>Ta instrukcja zawiera podstawowy przegl\u0105d <strong><a href=\"https:\/\/remato.com\/pl\/narzedzia-zarzadzanie\/\" data-type=\"page\" data-id=\"149\">zarz\u0105dzania narz\u0119dziami<\/a><\/strong> (w tym skanowania kod\u00f3w QR).<\/p>\n\n<ul class=\"wp-block-list\">\n<li><a href=\"https:\/\/drive.google.com\/file\/d\/1OeeGhS0DJ5woG3UfED4PmJiJ0A9_xhwr\/view?usp=sharing\" target=\"_blank\" data-type=\"link\" data-id=\"https:\/\/drive.google.com\/file\/d\/1OeeGhS0DJ5woG3UfED4PmJiJ0A9_xhwr\/view?usp=sharing\" rel=\"noreferrer noopener\">Angielski<\/a><\/li>\n\n\n\n<li><a href=\"https:\/\/drive.google.com\/file\/d\/1z_kOvzXhWlzblf42c6pxVMLX3GnyMHXH\/view?usp=sharing\" target=\"_blank\" rel=\"noreferrer noopener\">Esto\u0144ski<\/a><\/li>\n\n\n\n<li><a href=\"https:\/\/drive.google.com\/file\/d\/1zFpiHYweYMM3IMiqqqk0-eS81uFlLBNV\/view?usp=sharing\" target=\"_blank\" data-type=\"link\" data-id=\"https:\/\/drive.google.com\/file\/d\/1zFpiHYweYMM3IMiqqqk0-eS81uFlLBNV\/view?usp=sharing\" rel=\"noreferrer noopener\">Grecki<\/a><\/li>\n\n\n\n<li><a href=\"https:\/\/drive.google.com\/file\/d\/1n6uoliDFXt5RTNIANKpBd10NZ10C7hlp\/view?usp=sharing\" target=\"_blank\" data-type=\"link\" data-id=\"https:\/\/drive.google.com\/file\/d\/1n6uoliDFXt5RTNIANKpBd10NZ10C7hlp\/view?usp=sharing\" rel=\"noreferrer noopener\">\u0141otewski<\/a><\/li>\n\n\n\n<li><a href=\"https:\/\/drive.google.com\/file\/d\/1-6gdTNxvXsI-6N_yin1I6pLDi0yrBf1l\/view?usp=sharing\" data-type=\"link\" data-id=\"https:\/\/drive.google.com\/file\/d\/1-6gdTNxvXsI-6N_yin1I6pLDi0yrBf1l\/view?usp=sharing\" target=\"_blank\" rel=\"noopener\">Polski<\/a><\/li>\n\n\n\n<li><a href=\"https:\/\/drive.google.com\/file\/d\/1klCmZYOHav1P_VuSOCQmAfuTYo9Uv7hA\/view?usp=sharing\" target=\"_blank\" data-type=\"link\" data-id=\"https:\/\/drive.google.com\/file\/d\/1klCmZYOHav1P_VuSOCQmAfuTYo9Uv7hA\/view?usp=sharing\" rel=\"noreferrer noopener\">Rosyjski<\/a><\/li>\n\n\n\n<li><a href=\"https:\/\/drive.google.com\/file\/d\/1Z3PVWjNrQA4jLA35jZ1Ec-XO_qQ6nZ4P\/view?usp=drive_link\" data-type=\"link\" data-id=\"https:\/\/drive.google.com\/file\/d\/1Z3PVWjNrQA4jLA35jZ1Ec-XO_qQ6nZ4P\/view?usp=drive_link\" target=\"_blank\" rel=\"noopener\">Hiszpa\u0144ski<\/a><\/li>\n\n\n\n<li><a href=\"https:\/\/drive.google.com\/file\/d\/14PrCokaBWErKdkoWpmugD1XECuipsXtC\/view?usp=sharing\" target=\"_blank\" data-type=\"link\" data-id=\"https:\/\/drive.google.com\/file\/d\/14PrCokaBWErKdkoWpmugD1XECuipsXtC\/view?usp=sharing\" rel=\"noreferrer noopener\">Uzbecki<\/a><\/li>\n<\/ul>\n\n<h2 class=\"wp-block-heading\">Zarz\u0105dzanie budow\u0105<\/h2>\n\n<p>Je\u015bli potrzebujesz instrukcji dotycz\u0105cych <strong><a href=\"https:\/\/remato.com\/pl\/cyfrowe-zarzadzanie-placem-budowy\/\" data-type=\"page\" data-id=\"11281\">zarz\u0105dzania placem budowy<\/a><\/strong>, skontaktuj si\u0119 z naszym zespo\u0142em wsparcia pod adresem <strong><a href=\"mailto:support@remato.com\">support@remato.com<\/a><\/strong>, a pomo\u017cemy Ci z odpowiedni\u0105 dokumentacj\u0105.<\/p>\n\n<p><\/p>\n","protected":false},"excerpt":{"rendered":"<p>Witamy na stronie instrukcji u\u017cytkownika Remato, gdzie znajdziesz przewodniki krok po kroku oraz dokumentacj\u0119 PDF do pobrania dla platformy Remato. Tutaj znajdziesz praktyczne instrukcje i obja\u015bnienia funkcji. Niezale\u017cnie od tego, czy konfigurujesz sw\u00f3j zesp\u00f3\u0142 po raz pierwszy, czy szukasz szybkiej pomocy, te instrukcje pomog\u0105 Ci we wdro\u017ceniu zespo\u0142u. Wszystkie instrukcje s\u0105 dost\u0119pne jako \u0142atwe do [&hellip;]<\/p>\n","protected":false},"author":4,"featured_media":0,"parent":0,"menu_order":0,"comment_status":"closed","ping_status":"closed","template":"","meta":{"_acf_changed":false,"footnotes":""},"class_list":["post-28804","page","type-page","status-publish","hentry"],"acf":[],"_links":{"self":[{"href":"https:\/\/remato.com\/pl\/wp-json\/wp\/v2\/pages\/28804","targetHints":{"allow":["GET"]}}],"collection":[{"href":"https:\/\/remato.com\/pl\/wp-json\/wp\/v2\/pages"}],"about":[{"href":"https:\/\/remato.com\/pl\/wp-json\/wp\/v2\/types\/page"}],"author":[{"embeddable":true,"href":"https:\/\/remato.com\/pl\/wp-json\/wp\/v2\/users\/4"}],"replies":[{"embeddable":true,"href":"https:\/\/remato.com\/pl\/wp-json\/wp\/v2\/comments?post=28804"}],"version-history":[{"count":2,"href":"https:\/\/remato.com\/pl\/wp-json\/wp\/v2\/pages\/28804\/revisions"}],"predecessor-version":[{"id":29011,"href":"https:\/\/remato.com\/pl\/wp-json\/wp\/v2\/pages\/28804\/revisions\/29011"}],"wp:attachment":[{"href":"https:\/\/remato.com\/pl\/wp-json\/wp\/v2\/media?parent=28804"}],"curies":[{"name":"wp","href":"https:\/\/api.w.org\/{rel}","templated":true}]}}