{"id":28810,"date":"2026-01-21T12:00:28","date_gmt":"2026-01-21T12:00:28","guid":{"rendered":"https:\/\/remato.com\/manualer\/"},"modified":"2026-02-10T12:34:40","modified_gmt":"2026-02-10T12:34:40","slug":"manualer","status":"publish","type":"page","link":"https:\/\/remato.com\/no\/manualer\/","title":{"rendered":"Manualer"},"content":{"rendered":"\n<p>Velkommen til Rematos side for <strong>bruksanvisninger<\/strong>, din faste ressurs for trinnvise veiledninger og <strong>nedlastbar PDF<\/strong>-dokumentasjon for Remato-plattformen. Her finner du praktiske instruksjoner og forklaringer av funksjoner. Enten du setter opp teamet ditt for f\u00f8rste gang eller leter etter en rask referanse, <strong>vil disse manualene hjelpe deg med \u00e5 f\u00e5 teamet ditt om bord.<\/strong><\/p>\n\n<p>Alle manualer leveres som nedlastbare <strong>PDF-filer<\/strong> og er tilgjengelige p\u00e5 <strong>flere spr\u00e5k<\/strong>, slik at hele teamet ditt kan l\u00e6re og jobbe p\u00e5 det spr\u00e5ket de er mest komfortable med. Vi forbedrer og oppdaterer dokumentasjonen v\u00e5r regelmessig for \u00e5 holde den tydelig, nyttig og tilpasset de nyeste Remato-funksjonene.<\/p>\n\n<p>Bruk avsnittene nedenfor for \u00e5 velge manualen du trenger og laste den ned p\u00e5 \u00f8nsket spr\u00e5k.<\/p>\n\n<h2 class=\"wp-block-heading\">Mannskapsledelse<\/h2>\n\n<p>Denne manualen hjelper med innledende oppsett, <a href=\"https:\/\/remato.com\/no\/programvare-for-tidsregistrering-i-byggebransjen\/\" data-type=\"page\" data-id=\"18779\"><strong>tidsregistrering<\/strong><\/a> og <a href=\"https:\/\/remato.com\/no\/byggfoto-app\/\" data-type=\"page\" data-id=\"18254\"><strong>bilder<\/strong><\/a>.<\/p>\n\n<ul class=\"wp-block-list\">\n<li><a href=\"https:\/\/drive.google.com\/file\/d\/1xC2D4l_VBQFO27rKrpOXQhiYCWTXBKQY\/view?usp=sharing\" target=\"_blank\" rel=\"noreferrer noopener\">Engelsk<\/a><\/li>\n\n\n\n<li><a href=\"https:\/\/drive.google.com\/file\/d\/11C0p9JDLCksEtPu3ZoX0FYwsT_Peevbu\/view?usp=sharing\" target=\"_blank\" rel=\"noreferrer noopener\">Estisk<\/a><\/li>\n\n\n\n<li><a href=\"https:\/\/drive.google.com\/file\/d\/1r9I-jm5_KdDRupknbCUyfLJf1CmXjLyq\/view?usp=sharing\" target=\"_blank\" rel=\"noreferrer noopener\">Gresk<\/a><\/li>\n\n\n\n<li><a href=\"https:\/\/drive.google.com\/file\/d\/1m6kjJaEu-PDV0oVtDKboAWfqwHUyv91W\/view?usp=sharing\" target=\"_blank\" rel=\"noreferrer noopener\">Latvisk<\/a><\/li>\n\n\n\n<li><a href=\"https:\/\/drive.google.com\/file\/d\/1udHF8EfTeQDQY30mZj7qb5vxw1aHuNp9\/view?usp=sharing\" target=\"_blank\" rel=\"noopener\">Polsk<\/a><\/li>\n\n\n\n<li><a href=\"https:\/\/drive.google.com\/file\/d\/1cU7lBxBFMoMvHiYmWN-EQYPgs-VyP5r7\/view?usp=sharing\" target=\"_blank\" data-type=\"link\" data-id=\"https:\/\/drive.google.com\/file\/d\/1cU7lBxBFMoMvHiYmWN-EQYPgs-VyP5r7\/view?usp=sharing\" rel=\"noreferrer noopener\">Russisk<\/a><\/li>\n\n\n\n<li><a href=\"https:\/\/drive.google.com\/file\/d\/1JdpJ53CiSWGVZRz_6yCXc3ck8W9AzFI1\/view?usp=drive_link\" data-type=\"link\" data-id=\"https:\/\/drive.google.com\/file\/d\/1JdpJ53CiSWGVZRz_6yCXc3ck8W9AzFI1\/view?usp=drive_link\" target=\"_blank\" rel=\"noopener\">Spansk<\/a><\/li>\n\n\n\n<li><a href=\"https:\/\/drive.google.com\/file\/d\/1uppzWRyWlEl04omdp3_avXUex8qi8Sct\/view?usp=sharing\" target=\"_blank\" data-type=\"link\" data-id=\"https:\/\/drive.google.com\/file\/d\/1uppzWRyWlEl04omdp3_avXUex8qi8Sct\/view?usp=sharing\" rel=\"noreferrer noopener\">Usbekisk<\/a><\/li>\n<\/ul>\n\n<h2 class=\"wp-block-heading\">Verkt\u00f8yadministrasjon<\/h2>\n\n<p>Denne manualen gir en grunnleggende oversikt over <strong><a href=\"https:\/\/remato.com\/no\/verktoy-administrasjon\/\" data-type=\"page\" data-id=\"149\">verkt\u00f8ystyring<\/a><\/strong> (inkl. QR-kode skanning).<\/p>\n\n<ul class=\"wp-block-list\">\n<li><a href=\"https:\/\/drive.google.com\/file\/d\/1OeeGhS0DJ5woG3UfED4PmJiJ0A9_xhwr\/view?usp=sharing\" target=\"_blank\" data-type=\"link\" data-id=\"https:\/\/drive.google.com\/file\/d\/1OeeGhS0DJ5woG3UfED4PmJiJ0A9_xhwr\/view?usp=sharing\" rel=\"noreferrer noopener\">Engelsk<\/a><\/li>\n\n\n\n<li><a href=\"https:\/\/drive.google.com\/file\/d\/1z_kOvzXhWlzblf42c6pxVMLX3GnyMHXH\/view?usp=sharing\" target=\"_blank\" rel=\"noreferrer noopener\">Estisk<\/a><\/li>\n\n\n\n<li><a href=\"https:\/\/drive.google.com\/file\/d\/1zFpiHYweYMM3IMiqqqk0-eS81uFlLBNV\/view?usp=sharing\" target=\"_blank\" data-type=\"link\" data-id=\"https:\/\/drive.google.com\/file\/d\/1zFpiHYweYMM3IMiqqqk0-eS81uFlLBNV\/view?usp=sharing\" rel=\"noreferrer noopener\">Gresk<\/a><\/li>\n\n\n\n<li><a href=\"https:\/\/drive.google.com\/file\/d\/1n6uoliDFXt5RTNIANKpBd10NZ10C7hlp\/view?usp=sharing\" target=\"_blank\" data-type=\"link\" data-id=\"https:\/\/drive.google.com\/file\/d\/1n6uoliDFXt5RTNIANKpBd10NZ10C7hlp\/view?usp=sharing\" rel=\"noreferrer noopener\">Latvisk<\/a><\/li>\n\n\n\n<li><a href=\"https:\/\/drive.google.com\/file\/d\/1-6gdTNxvXsI-6N_yin1I6pLDi0yrBf1l\/view?usp=sharing\" data-type=\"link\" data-id=\"https:\/\/drive.google.com\/file\/d\/1-6gdTNxvXsI-6N_yin1I6pLDi0yrBf1l\/view?usp=sharing\" target=\"_blank\" rel=\"noopener\">Polsk<\/a><\/li>\n\n\n\n<li><a href=\"https:\/\/drive.google.com\/file\/d\/1klCmZYOHav1P_VuSOCQmAfuTYo9Uv7hA\/view?usp=sharing\" target=\"_blank\" data-type=\"link\" data-id=\"https:\/\/drive.google.com\/file\/d\/1klCmZYOHav1P_VuSOCQmAfuTYo9Uv7hA\/view?usp=sharing\" rel=\"noreferrer noopener\">Russisk<\/a><\/li>\n\n\n\n<li><a href=\"https:\/\/drive.google.com\/file\/d\/1Z3PVWjNrQA4jLA35jZ1Ec-XO_qQ6nZ4P\/view?usp=drive_link\" data-type=\"link\" data-id=\"https:\/\/drive.google.com\/file\/d\/1Z3PVWjNrQA4jLA35jZ1Ec-XO_qQ6nZ4P\/view?usp=drive_link\" target=\"_blank\" rel=\"noopener\">Spansk<\/a><\/li>\n\n\n\n<li><a href=\"https:\/\/drive.google.com\/file\/d\/14PrCokaBWErKdkoWpmugD1XECuipsXtC\/view?usp=sharing\" target=\"_blank\" data-type=\"link\" data-id=\"https:\/\/drive.google.com\/file\/d\/14PrCokaBWErKdkoWpmugD1XECuipsXtC\/view?usp=sharing\" rel=\"noreferrer noopener\">Usbekisk<\/a><\/li>\n<\/ul>\n\n<h2 class=\"wp-block-heading\">Byggeplassledelse<\/h2>\n\n<p>Hvis du trenger manualer for <strong><a href=\"https:\/\/remato.com\/no\/digital-byggeplass-ledelse\/\" data-type=\"page\" data-id=\"11281\">byggeplassadministrasjon<\/a><\/strong>, kan du kontakte v\u00e5rt supportteam p\u00e5 <strong><a href=\"mailto:support@remato.com\">support@remato.com<\/a><\/strong>, s\u00e5 hjelper vi deg med riktig dokumentasjon.<\/p>\n\n<p><\/p>\n","protected":false},"excerpt":{"rendered":"<p>Velkommen til Rematos side for bruksanvisninger, din faste ressurs for trinnvise veiledninger og nedlastbar PDF-dokumentasjon for Remato-plattformen. Her finner du praktiske instruksjoner og forklaringer av funksjoner. Enten du setter opp teamet ditt for f\u00f8rste gang eller leter etter en rask referanse, vil disse manualene hjelpe deg med \u00e5 f\u00e5 teamet ditt om bord. Alle manualer [&hellip;]<\/p>\n","protected":false},"author":4,"featured_media":0,"parent":0,"menu_order":0,"comment_status":"closed","ping_status":"closed","template":"","meta":{"_acf_changed":false,"footnotes":""},"class_list":["post-28810","page","type-page","status-publish","hentry"],"acf":[],"_links":{"self":[{"href":"https:\/\/remato.com\/no\/wp-json\/wp\/v2\/pages\/28810","targetHints":{"allow":["GET"]}}],"collection":[{"href":"https:\/\/remato.com\/no\/wp-json\/wp\/v2\/pages"}],"about":[{"href":"https:\/\/remato.com\/no\/wp-json\/wp\/v2\/types\/page"}],"author":[{"embeddable":true,"href":"https:\/\/remato.com\/no\/wp-json\/wp\/v2\/users\/4"}],"replies":[{"embeddable":true,"href":"https:\/\/remato.com\/no\/wp-json\/wp\/v2\/comments?post=28810"}],"version-history":[{"count":2,"href":"https:\/\/remato.com\/no\/wp-json\/wp\/v2\/pages\/28810\/revisions"}],"predecessor-version":[{"id":29012,"href":"https:\/\/remato.com\/no\/wp-json\/wp\/v2\/pages\/28810\/revisions\/29012"}],"wp:attachment":[{"href":"https:\/\/remato.com\/no\/wp-json\/wp\/v2\/media?parent=28810"}],"curies":[{"name":"wp","href":"https:\/\/api.w.org\/{rel}","templated":true}]}}