{"id":28796,"date":"2026-01-21T12:00:28","date_gmt":"2026-01-21T12:00:28","guid":{"rendered":"https:\/\/remato.com\/rokasgramatas\/"},"modified":"2026-02-15T21:44:23","modified_gmt":"2026-02-15T21:44:23","slug":"rokasgramatas","status":"publish","type":"page","link":"https:\/\/remato.com\/lv\/rokasgramatas\/","title":{"rendered":"Rokasgr\u0101matas"},"content":{"rendered":"\n<p>Laipni l\u016bdzam Remato <strong>lietot\u0101ja rokasgr\u0101matu<\/strong> lap\u0101, kas ir j\u016bsu galven\u0101 vieta, kur atrad\u012bsiet soli pa solim sniegtas pam\u0101c\u012bbas un <strong>lejupiel\u0101d\u0113jamu PDF<\/strong> dokument\u0101ciju Remato platformai. \u0160eit j\u016bs varat atrast praktiskus nor\u0101d\u012bjumus un funkciju skaidrojumus. Neatkar\u012bgi no t\u0101, vai j\u016bs pirmo reizi veidojat savu komandu vai mekl\u0113jat \u0101tru uzzi\u0146u, <strong>\u0161\u012bs rokasgr\u0101matas pal\u012bdz\u0113s jums ieviest savu komandu.<\/strong><\/p>\n\n<p>Visi rokasgr\u0101matas ir pieejamas k\u0101 viegli lejupiel\u0101d\u0113jami <strong>PDF faili<\/strong> un ir pieejamas <strong>vair\u0101k\u0101s valod\u0101s<\/strong>, lai visa j\u016bsu komanda var\u0113tu m\u0101c\u012bties un str\u0101d\u0101t valod\u0101, kur\u0101 vi\u0146i j\u016btas vis\u0113rt\u0101k. M\u0113s regul\u0101ri uzlabojam un atjaunin\u0101m savu dokument\u0101ciju, lai t\u0101 b\u016btu skaidra, noder\u012bga un atbilstu jaun\u0101kaj\u0101m Remato funkcij\u0101m.<\/p>\n\n<p>Izmantojiet t\u0101l\u0101k eso\u0161\u0101s sada\u013cas, lai atlas\u012btu vajadz\u012bgo rokasgr\u0101matu un lejupiel\u0101d\u0113tu to v\u0113lamaj\u0101 valod\u0101.<\/p>\n\n<h2 class=\"wp-block-heading\">Apkalpes vad\u012bba<\/h2>\n\n<p>\u0160\u012b rokasgr\u0101mata pal\u012bdz ar s\u0101kotn\u0113jo iestat\u012b\u0161anu, <a href=\"https:\/\/remato.com\/lv\/buvniecibas-laika-izsekosanas-programmatura\/\" data-type=\"page\" data-id=\"18779\"><strong>laika uzskaiti<\/strong><\/a> un <a href=\"https:\/\/remato.com\/lv\/buvniecibas-foto-lietotne\/\" data-type=\"page\" data-id=\"18254\"><strong>fotogr\u0101fij\u0101m<\/strong><\/a>.<\/p>\n\n<ul class=\"wp-block-list\">\n<li><a href=\"https:\/\/drive.google.com\/file\/d\/1xC2D4l_VBQFO27rKrpOXQhiYCWTXBKQY\/view?usp=sharing\" target=\"_blank\" rel=\"noreferrer noopener\">Ang\u013cu<\/a><\/li>\n\n\n\n<li><a href=\"https:\/\/drive.google.com\/file\/d\/11C0p9JDLCksEtPu3ZoX0FYwsT_Peevbu\/view?usp=sharing\" target=\"_blank\" rel=\"noreferrer noopener\">Igau\u0146u<\/a><\/li>\n\n\n\n<li><a href=\"https:\/\/drive.google.com\/file\/d\/1r9I-jm5_KdDRupknbCUyfLJf1CmXjLyq\/view?usp=sharing\" target=\"_blank\" rel=\"noreferrer noopener\">Grie\u0137u<\/a><\/li>\n\n\n\n<li><a href=\"https:\/\/drive.google.com\/file\/d\/1m6kjJaEu-PDV0oVtDKboAWfqwHUyv91W\/view?usp=sharing\" target=\"_blank\" rel=\"noreferrer noopener\">Latvie\u0161u<\/a><\/li>\n\n\n\n<li><a href=\"https:\/\/drive.google.com\/file\/d\/1udHF8EfTeQDQY30mZj7qb5vxw1aHuNp9\/view?usp=sharing\" target=\"_blank\" rel=\"noopener\">Po\u013cu<\/a><\/li>\n\n\n\n<li><a href=\"https:\/\/drive.google.com\/file\/d\/1cU7lBxBFMoMvHiYmWN-EQYPgs-VyP5r7\/view?usp=sharing\" target=\"_blank\" data-type=\"link\" data-id=\"https:\/\/drive.google.com\/file\/d\/1cU7lBxBFMoMvHiYmWN-EQYPgs-VyP5r7\/view?usp=sharing\" rel=\"noreferrer noopener\">Krievu<\/a><\/li>\n\n\n\n<li><a href=\"https:\/\/drive.google.com\/file\/d\/1JdpJ53CiSWGVZRz_6yCXc3ck8W9AzFI1\/view?usp=drive_link\" data-type=\"link\" data-id=\"https:\/\/drive.google.com\/file\/d\/1JdpJ53CiSWGVZRz_6yCXc3ck8W9AzFI1\/view?usp=drive_link\" target=\"_blank\" rel=\"noopener\">Sp\u0101\u0146u<\/a><\/li>\n\n\n\n<li><a href=\"https:\/\/drive.google.com\/file\/d\/1uppzWRyWlEl04omdp3_avXUex8qi8Sct\/view?usp=sharing\" target=\"_blank\" data-type=\"link\" data-id=\"https:\/\/drive.google.com\/file\/d\/1uppzWRyWlEl04omdp3_avXUex8qi8Sct\/view?usp=sharing\" rel=\"noreferrer noopener\">Uzbeku<\/a><\/li>\n<\/ul>\n\n<h2 class=\"wp-block-heading\">R\u012bku p\u0101rvald\u012bba<\/h2>\n\n<p>\u0160\u012b rokasgr\u0101mata sniedz pamata p\u0101rskatu par <strong><a href=\"https:\/\/remato.com\/lv\/riku-parvaldiba\/\" data-type=\"page\" data-id=\"149\">r\u012bku p\u0101rvald\u012bbu<\/a><\/strong> (ieskaitot QR koda sken\u0113\u0161anu).<\/p>\n\n<ul class=\"wp-block-list\">\n<li><a href=\"https:\/\/drive.google.com\/file\/d\/1OeeGhS0DJ5woG3UfED4PmJiJ0A9_xhwr\/view?usp=sharing\" target=\"_blank\" data-type=\"link\" data-id=\"https:\/\/drive.google.com\/file\/d\/1OeeGhS0DJ5woG3UfED4PmJiJ0A9_xhwr\/view?usp=sharing\" rel=\"noreferrer noopener\">Ang\u013cu<\/a><\/li>\n\n\n\n<li><a href=\"https:\/\/drive.google.com\/file\/d\/1z_kOvzXhWlzblf42c6pxVMLX3GnyMHXH\/view?usp=sharing\" target=\"_blank\" rel=\"noreferrer noopener\">Igau\u0146u<\/a><\/li>\n\n\n\n<li><a href=\"https:\/\/drive.google.com\/file\/d\/1zFpiHYweYMM3IMiqqqk0-eS81uFlLBNV\/view?usp=sharing\" target=\"_blank\" data-type=\"link\" data-id=\"https:\/\/drive.google.com\/file\/d\/1zFpiHYweYMM3IMiqqqk0-eS81uFlLBNV\/view?usp=sharing\" rel=\"noreferrer noopener\">Grie\u0137u<\/a><\/li>\n\n\n\n<li><a href=\"https:\/\/drive.google.com\/file\/d\/1n6uoliDFXt5RTNIANKpBd10NZ10C7hlp\/view?usp=sharing\" target=\"_blank\" data-type=\"link\" data-id=\"https:\/\/drive.google.com\/file\/d\/1n6uoliDFXt5RTNIANKpBd10NZ10C7hlp\/view?usp=sharing\" rel=\"noreferrer noopener\">Latvie\u0161u<\/a><\/li>\n\n\n\n<li><a href=\"https:\/\/drive.google.com\/file\/d\/1-6gdTNxvXsI-6N_yin1I6pLDi0yrBf1l\/view?usp=sharing\" data-type=\"link\" data-id=\"https:\/\/drive.google.com\/file\/d\/1-6gdTNxvXsI-6N_yin1I6pLDi0yrBf1l\/view?usp=sharing\" target=\"_blank\" rel=\"noopener\">Po\u013cu<\/a><\/li>\n\n\n\n<li><a href=\"https:\/\/drive.google.com\/file\/d\/1klCmZYOHav1P_VuSOCQmAfuTYo9Uv7hA\/view?usp=sharing\" target=\"_blank\" data-type=\"link\" data-id=\"https:\/\/drive.google.com\/file\/d\/1klCmZYOHav1P_VuSOCQmAfuTYo9Uv7hA\/view?usp=sharing\" rel=\"noreferrer noopener\">Krievu<\/a><\/li>\n\n\n\n<li><a href=\"https:\/\/drive.google.com\/file\/d\/1Z3PVWjNrQA4jLA35jZ1Ec-XO_qQ6nZ4P\/view?usp=drive_link\" data-type=\"link\" data-id=\"https:\/\/drive.google.com\/file\/d\/1Z3PVWjNrQA4jLA35jZ1Ec-XO_qQ6nZ4P\/view?usp=drive_link\" target=\"_blank\" rel=\"noopener\">Sp\u0101\u0146u<\/a><\/li>\n\n\n\n<li><a href=\"https:\/\/drive.google.com\/file\/d\/14PrCokaBWErKdkoWpmugD1XECuipsXtC\/view?usp=sharing\" target=\"_blank\" data-type=\"link\" data-id=\"https:\/\/drive.google.com\/file\/d\/14PrCokaBWErKdkoWpmugD1XECuipsXtC\/view?usp=sharing\" rel=\"noreferrer noopener\">Uzbeku<\/a><\/li>\n<\/ul>\n\n<h2 class=\"wp-block-heading\">B\u016bvlaukumu vad\u012bba<\/h2>\n\n<p>Ja jums ir nepiecie\u0161amas rokasgr\u0101matas par <strong><a href=\"https:\/\/remato.com\/lv\/digitala-buvlaukuma-parvaldiba\/\" data-type=\"page\" data-id=\"11281\">b\u016bvlaukuma p\u0101rvald\u012bbu<\/a><\/strong>, l\u016bdzu, sazinieties ar m\u016bsu atbalsta komandu pa e-pastu <strong><a href=\"mailto:support@remato.com\">support@remato.com<\/a><\/strong>, un m\u0113s pal\u012bdz\u0113sim jums ar pareizo dokument\u0101ciju.<\/p>\n\n<p><\/p>\n","protected":false},"excerpt":{"rendered":"<p>Laipni l\u016bdzam Remato lietot\u0101ja rokasgr\u0101matu lap\u0101, kas ir j\u016bsu galven\u0101 vieta, kur atrad\u012bsiet soli pa solim sniegtas pam\u0101c\u012bbas un lejupiel\u0101d\u0113jamu PDF dokument\u0101ciju Remato platformai. \u0160eit j\u016bs varat atrast praktiskus nor\u0101d\u012bjumus un funkciju skaidrojumus. Neatkar\u012bgi no t\u0101, vai j\u016bs pirmo reizi veidojat savu komandu vai mekl\u0113jat \u0101tru uzzi\u0146u, \u0161\u012bs rokasgr\u0101matas pal\u012bdz\u0113s jums ieviest savu komandu. Visi [&hellip;]<\/p>\n","protected":false},"author":4,"featured_media":0,"parent":0,"menu_order":0,"comment_status":"closed","ping_status":"closed","template":"","meta":{"_acf_changed":false,"footnotes":""},"class_list":["post-28796","page","type-page","status-publish","hentry"],"acf":[],"_links":{"self":[{"href":"https:\/\/remato.com\/lv\/wp-json\/wp\/v2\/pages\/28796","targetHints":{"allow":["GET"]}}],"collection":[{"href":"https:\/\/remato.com\/lv\/wp-json\/wp\/v2\/pages"}],"about":[{"href":"https:\/\/remato.com\/lv\/wp-json\/wp\/v2\/types\/page"}],"author":[{"embeddable":true,"href":"https:\/\/remato.com\/lv\/wp-json\/wp\/v2\/users\/4"}],"replies":[{"embeddable":true,"href":"https:\/\/remato.com\/lv\/wp-json\/wp\/v2\/comments?post=28796"}],"version-history":[{"count":2,"href":"https:\/\/remato.com\/lv\/wp-json\/wp\/v2\/pages\/28796\/revisions"}],"predecessor-version":[{"id":29021,"href":"https:\/\/remato.com\/lv\/wp-json\/wp\/v2\/pages\/28796\/revisions\/29021"}],"wp:attachment":[{"href":"https:\/\/remato.com\/lv\/wp-json\/wp\/v2\/media?parent=28796"}],"curies":[{"name":"wp","href":"https:\/\/api.w.org\/{rel}","templated":true}]}}