{"id":20396,"date":"2025-03-24T11:50:46","date_gmt":"2025-03-24T11:50:46","guid":{"rendered":"https:\/\/remato.com\/buvniecibas-dokumentu-parvaldiba\/"},"modified":"2025-10-15T15:51:01","modified_gmt":"2025-10-15T15:51:01","slug":"buvniecibas-dokumentu-parvaldiba","status":"publish","type":"page","link":"https:\/\/remato.com\/lv\/buvniecibas-dokumentu-parvaldiba\/","title":{"rendered":"B\u016bvniec\u012bbas dokumentu p\u0101rvald\u012bba"},"content":{"rendered":"","protected":false},"excerpt":{"rendered":"","protected":false},"author":4,"featured_media":0,"parent":0,"menu_order":0,"comment_status":"closed","ping_status":"closed","template":"templates\/product.php","meta":{"_acf_changed":false,"footnotes":""},"class_list":["post-20396","page","type-page","status-publish","hentry"],"acf":[],"_links":{"self":[{"href":"https:\/\/remato.com\/lv\/wp-json\/wp\/v2\/pages\/20396","targetHints":{"allow":["GET"]}}],"collection":[{"href":"https:\/\/remato.com\/lv\/wp-json\/wp\/v2\/pages"}],"about":[{"href":"https:\/\/remato.com\/lv\/wp-json\/wp\/v2\/types\/page"}],"author":[{"embeddable":true,"href":"https:\/\/remato.com\/lv\/wp-json\/wp\/v2\/users\/4"}],"replies":[{"embeddable":true,"href":"https:\/\/remato.com\/lv\/wp-json\/wp\/v2\/comments?post=20396"}],"version-history":[{"count":1,"href":"https:\/\/remato.com\/lv\/wp-json\/wp\/v2\/pages\/20396\/revisions"}],"predecessor-version":[{"id":21358,"href":"https:\/\/remato.com\/lv\/wp-json\/wp\/v2\/pages\/20396\/revisions\/21358"}],"wp:attachment":[{"href":"https:\/\/remato.com\/lv\/wp-json\/wp\/v2\/media?parent=20396"}],"curies":[{"name":"wp","href":"https:\/\/api.w.org\/{rel}","templated":true}]}}