{"id":18613,"date":"2025-01-17T16:12:24","date_gmt":"2025-01-17T16:12:24","guid":{"rendered":"https:\/\/remato.com\/buvniecibas-komunikacijas-programmatura\/"},"modified":"2025-10-15T15:54:05","modified_gmt":"2025-10-15T15:54:05","slug":"buvniecibas-komunikacijas-programmatura","status":"publish","type":"page","link":"https:\/\/remato.com\/lv\/buvniecibas-komunikacijas-programmatura\/","title":{"rendered":"Celtniec\u012bbas komandas t\u0113rz\u0113\u0161anas lietotne"},"content":{"rendered":"","protected":false},"excerpt":{"rendered":"","protected":false},"author":4,"featured_media":0,"parent":0,"menu_order":0,"comment_status":"closed","ping_status":"closed","template":"templates\/product.php","meta":{"_acf_changed":false,"footnotes":""},"class_list":["post-18613","page","type-page","status-publish","hentry"],"acf":[],"_links":{"self":[{"href":"https:\/\/remato.com\/lv\/wp-json\/wp\/v2\/pages\/18613","targetHints":{"allow":["GET"]}}],"collection":[{"href":"https:\/\/remato.com\/lv\/wp-json\/wp\/v2\/pages"}],"about":[{"href":"https:\/\/remato.com\/lv\/wp-json\/wp\/v2\/types\/page"}],"author":[{"embeddable":true,"href":"https:\/\/remato.com\/lv\/wp-json\/wp\/v2\/users\/4"}],"replies":[{"embeddable":true,"href":"https:\/\/remato.com\/lv\/wp-json\/wp\/v2\/comments?post=18613"}],"version-history":[{"count":2,"href":"https:\/\/remato.com\/lv\/wp-json\/wp\/v2\/pages\/18613\/revisions"}],"predecessor-version":[{"id":22911,"href":"https:\/\/remato.com\/lv\/wp-json\/wp\/v2\/pages\/18613\/revisions\/22911"}],"wp:attachment":[{"href":"https:\/\/remato.com\/lv\/wp-json\/wp\/v2\/media?parent=18613"}],"curies":[{"name":"wp","href":"https:\/\/api.w.org\/{rel}","templated":true}]}}