{"id":16667,"date":"2024-10-21T10:59:47","date_gmt":"2024-10-21T10:59:47","guid":{"rendered":"https:\/\/remato.com\/online-site-inductions\/"},"modified":"2025-10-15T15:34:41","modified_gmt":"2025-10-15T15:34:41","slug":"online-celtniecibas-objektu-ievadkursi","status":"publish","type":"page","link":"https:\/\/remato.com\/lv\/online-celtniecibas-objektu-ievadkursi\/","title":{"rendered":"Tie\u0161saistes ievads b\u016bvlaukum\u0101"},"content":{"rendered":"","protected":false},"excerpt":{"rendered":"","protected":false},"author":4,"featured_media":0,"parent":0,"menu_order":0,"comment_status":"closed","ping_status":"closed","template":"templates\/product.php","meta":{"_acf_changed":false,"footnotes":""},"class_list":["post-16667","page","type-page","status-publish","hentry"],"acf":[],"_links":{"self":[{"href":"https:\/\/remato.com\/lv\/wp-json\/wp\/v2\/pages\/16667","targetHints":{"allow":["GET"]}}],"collection":[{"href":"https:\/\/remato.com\/lv\/wp-json\/wp\/v2\/pages"}],"about":[{"href":"https:\/\/remato.com\/lv\/wp-json\/wp\/v2\/types\/page"}],"author":[{"embeddable":true,"href":"https:\/\/remato.com\/lv\/wp-json\/wp\/v2\/users\/4"}],"replies":[{"embeddable":true,"href":"https:\/\/remato.com\/lv\/wp-json\/wp\/v2\/comments?post=16667"}],"version-history":[{"count":1,"href":"https:\/\/remato.com\/lv\/wp-json\/wp\/v2\/pages\/16667\/revisions"}],"predecessor-version":[{"id":16668,"href":"https:\/\/remato.com\/lv\/wp-json\/wp\/v2\/pages\/16667\/revisions\/16668"}],"wp:attachment":[{"href":"https:\/\/remato.com\/lv\/wp-json\/wp\/v2\/media?parent=16667"}],"curies":[{"name":"wp","href":"https:\/\/api.w.org\/{rel}","templated":true}]}}