{"id":28806,"date":"2026-01-21T12:00:28","date_gmt":"2026-01-21T12:00:28","guid":{"rendered":"https:\/\/remato.com\/vadovai\/"},"modified":"2026-02-15T21:44:23","modified_gmt":"2026-02-15T21:44:23","slug":"vadovai","status":"publish","type":"page","link":"https:\/\/remato.com\/lt\/vadovai\/","title":{"rendered":"Vadovai"},"content":{"rendered":"\n<p>Sveiki atvyk\u0119 \u012f Remato <strong>naudotoj\u0173 vadov\u0173<\/strong> puslap\u012f, j\u016bs\u0173 pagrindin\u0119 viet\u0105, kur rasite nuoseklias instrukcijas ir <strong>parsisiun\u010diam\u0105 PDF<\/strong> dokumentacij\u0105 Remato platformai. \u010cia galite rasti praktini\u0173 instrukcij\u0173 ir funkcij\u0173 paai\u0161kinim\u0173. Nesvarbu, ar pirm\u0105 kart\u0105 nustatote savo komand\u0105, ar ie\u0161kote greitos nuorodos, <strong>\u0161ie vadovai pad\u0117s jums \u012ftraukti komand\u0105.<\/strong><\/p>\n\n<p>Visi vadovai pateikiami kaip lengvai atsisiun\u010diami <strong>PDF failai<\/strong> ir yra prieinami <strong>keliose kalbose<\/strong>, tod\u0117l visa j\u016bs\u0173 komanda gali mokytis ir dirbti kalba, kuria jau\u010diasi patogiausiai. Mes reguliariai tobuliname ir atnaujiname savo dokumentacij\u0105, kad ji b\u016bt\u0173 ai\u0161ki, naudinga ir atitikt\u0173 naujausias Remato funkcijas.<\/p>\n\n<p>Naudokite \u017eemiau esan\u010dias skiltis, kad pasirinktum\u0117te jums reikaling\u0105 vadov\u0105 ir parsisi\u0173stum\u0117te j\u012f pageidaujama kalba.<\/p>\n\n<h2 class=\"wp-block-heading\">\u012egulos valdymas<\/h2>\n\n<p>\u0160is vadovas padeda pradiniame nustatyme, <a href=\"https:\/\/remato.com\/lt\/statybos-laiko-stebejimo-programine-iranga\/\" data-type=\"page\" data-id=\"18779\"><strong>laiko sekime<\/strong><\/a> ir <a href=\"https:\/\/remato.com\/lt\/statybos-nuotrauku-programele\/\" data-type=\"page\" data-id=\"18254\"><strong>nuotraukose<\/strong><\/a>.<\/p>\n\n<ul class=\"wp-block-list\">\n<li><a href=\"https:\/\/drive.google.com\/file\/d\/1xC2D4l_VBQFO27rKrpOXQhiYCWTXBKQY\/view?usp=sharing\" target=\"_blank\" rel=\"noreferrer noopener\">Angl\u0173<\/a><\/li>\n\n\n\n<li><a href=\"https:\/\/drive.google.com\/file\/d\/11C0p9JDLCksEtPu3ZoX0FYwsT_Peevbu\/view?usp=sharing\" target=\"_blank\" rel=\"noreferrer noopener\">Est\u0173<\/a><\/li>\n\n\n\n<li><a href=\"https:\/\/drive.google.com\/file\/d\/1r9I-jm5_KdDRupknbCUyfLJf1CmXjLyq\/view?usp=sharing\" target=\"_blank\" rel=\"noreferrer noopener\">Graik\u0173<\/a><\/li>\n\n\n\n<li><a href=\"https:\/\/drive.google.com\/file\/d\/1m6kjJaEu-PDV0oVtDKboAWfqwHUyv91W\/view?usp=sharing\" target=\"_blank\" rel=\"noreferrer noopener\">Latvi\u0173<\/a><\/li>\n\n\n\n<li><a href=\"https:\/\/drive.google.com\/file\/d\/1udHF8EfTeQDQY30mZj7qb5vxw1aHuNp9\/view?usp=sharing\" target=\"_blank\" rel=\"noopener\">Lenk\u0173<\/a><\/li>\n\n\n\n<li><a href=\"https:\/\/drive.google.com\/file\/d\/1cU7lBxBFMoMvHiYmWN-EQYPgs-VyP5r7\/view?usp=sharing\" target=\"_blank\" data-type=\"link\" data-id=\"https:\/\/drive.google.com\/file\/d\/1cU7lBxBFMoMvHiYmWN-EQYPgs-VyP5r7\/view?usp=sharing\" rel=\"noreferrer noopener\">Rus\u0173<\/a><\/li>\n\n\n\n<li><a href=\"https:\/\/drive.google.com\/file\/d\/1JdpJ53CiSWGVZRz_6yCXc3ck8W9AzFI1\/view?usp=drive_link\" data-type=\"link\" data-id=\"https:\/\/drive.google.com\/file\/d\/1JdpJ53CiSWGVZRz_6yCXc3ck8W9AzFI1\/view?usp=drive_link\" target=\"_blank\" rel=\"noopener\">Ispan\u0173<\/a><\/li>\n\n\n\n<li><a href=\"https:\/\/drive.google.com\/file\/d\/1uppzWRyWlEl04omdp3_avXUex8qi8Sct\/view?usp=sharing\" target=\"_blank\" data-type=\"link\" data-id=\"https:\/\/drive.google.com\/file\/d\/1uppzWRyWlEl04omdp3_avXUex8qi8Sct\/view?usp=sharing\" rel=\"noreferrer noopener\">Uzbek\u0173<\/a><\/li>\n<\/ul>\n\n<h2 class=\"wp-block-heading\">\u012eranki\u0173 valdymas<\/h2>\n\n<p>\u0160is vadovas suteikia pagrindin\u0119 <strong><a href=\"https:\/\/remato.com\/lt\/irankiu-valdymas\/\" data-type=\"page\" data-id=\"149\">\u012franki\u0173 valdymo<\/a><\/strong> ap\u017evalg\u0105 (\u012fskaitant QR kodo skenavim\u0105).<\/p>\n\n<ul class=\"wp-block-list\">\n<li><a href=\"https:\/\/drive.google.com\/file\/d\/1OeeGhS0DJ5woG3UfED4PmJiJ0A9_xhwr\/view?usp=sharing\" target=\"_blank\" data-type=\"link\" data-id=\"https:\/\/drive.google.com\/file\/d\/1OeeGhS0DJ5woG3UfED4PmJiJ0A9_xhwr\/view?usp=sharing\" rel=\"noreferrer noopener\">Angl\u0173<\/a><\/li>\n\n\n\n<li><a href=\"https:\/\/drive.google.com\/file\/d\/1z_kOvzXhWlzblf42c6pxVMLX3GnyMHXH\/view?usp=sharing\" target=\"_blank\" rel=\"noreferrer noopener\">Est\u0173<\/a><\/li>\n\n\n\n<li><a href=\"https:\/\/drive.google.com\/file\/d\/1zFpiHYweYMM3IMiqqqk0-eS81uFlLBNV\/view?usp=sharing\" target=\"_blank\" data-type=\"link\" data-id=\"https:\/\/drive.google.com\/file\/d\/1zFpiHYweYMM3IMiqqqk0-eS81uFlLBNV\/view?usp=sharing\" rel=\"noreferrer noopener\">Graik\u0173<\/a><\/li>\n\n\n\n<li><a href=\"https:\/\/drive.google.com\/file\/d\/1n6uoliDFXt5RTNIANKpBd10NZ10C7hlp\/view?usp=sharing\" target=\"_blank\" data-type=\"link\" data-id=\"https:\/\/drive.google.com\/file\/d\/1n6uoliDFXt5RTNIANKpBd10NZ10C7hlp\/view?usp=sharing\" rel=\"noreferrer noopener\">Latvi\u0173<\/a><\/li>\n\n\n\n<li><a href=\"https:\/\/drive.google.com\/file\/d\/1-6gdTNxvXsI-6N_yin1I6pLDi0yrBf1l\/view?usp=sharing\" data-type=\"link\" data-id=\"https:\/\/drive.google.com\/file\/d\/1-6gdTNxvXsI-6N_yin1I6pLDi0yrBf1l\/view?usp=sharing\" target=\"_blank\" rel=\"noopener\">Lenk\u0173<\/a><\/li>\n\n\n\n<li><a href=\"https:\/\/drive.google.com\/file\/d\/1klCmZYOHav1P_VuSOCQmAfuTYo9Uv7hA\/view?usp=sharing\" target=\"_blank\" data-type=\"link\" data-id=\"https:\/\/drive.google.com\/file\/d\/1klCmZYOHav1P_VuSOCQmAfuTYo9Uv7hA\/view?usp=sharing\" rel=\"noreferrer noopener\">Rus\u0173<\/a><\/li>\n\n\n\n<li><a href=\"https:\/\/drive.google.com\/file\/d\/1Z3PVWjNrQA4jLA35jZ1Ec-XO_qQ6nZ4P\/view?usp=drive_link\" data-type=\"link\" data-id=\"https:\/\/drive.google.com\/file\/d\/1Z3PVWjNrQA4jLA35jZ1Ec-XO_qQ6nZ4P\/view?usp=drive_link\" target=\"_blank\" rel=\"noopener\">Ispan\u0173<\/a><\/li>\n\n\n\n<li><a href=\"https:\/\/drive.google.com\/file\/d\/14PrCokaBWErKdkoWpmugD1XECuipsXtC\/view?usp=sharing\" target=\"_blank\" data-type=\"link\" data-id=\"https:\/\/drive.google.com\/file\/d\/14PrCokaBWErKdkoWpmugD1XECuipsXtC\/view?usp=sharing\" rel=\"noreferrer noopener\">Uzbek\u0173<\/a><\/li>\n<\/ul>\n\n<h2 class=\"wp-block-heading\">Statybviet\u0117s valdymas<\/h2>\n\n<p>Jei jums reikia vadov\u0173 <strong><a href=\"https:\/\/remato.com\/lt\/skaitmenine-statybvietes-valdymas\/\" data-type=\"page\" data-id=\"11281\">statybviet\u0117s valdymui<\/a><\/strong>, pra\u0161ome susisiekti su m\u016bs\u0173 palaikymo komanda adresu <strong><a href=\"mailto:support@remato.com\">support@remato.com<\/a><\/strong> ir mes pad\u0117sime jums su tinkama dokumentacija.<\/p>\n\n<p><\/p>\n","protected":false},"excerpt":{"rendered":"<p>Sveiki atvyk\u0119 \u012f Remato naudotoj\u0173 vadov\u0173 puslap\u012f, j\u016bs\u0173 pagrindin\u0119 viet\u0105, kur rasite nuoseklias instrukcijas ir parsisiun\u010diam\u0105 PDF dokumentacij\u0105 Remato platformai. \u010cia galite rasti praktini\u0173 instrukcij\u0173 ir funkcij\u0173 paai\u0161kinim\u0173. Nesvarbu, ar pirm\u0105 kart\u0105 nustatote savo komand\u0105, ar ie\u0161kote greitos nuorodos, \u0161ie vadovai pad\u0117s jums \u012ftraukti komand\u0105. Visi vadovai pateikiami kaip lengvai atsisiun\u010diami PDF failai ir yra [&hellip;]<\/p>\n","protected":false},"author":4,"featured_media":0,"parent":0,"menu_order":0,"comment_status":"closed","ping_status":"closed","template":"","meta":{"_acf_changed":false,"footnotes":""},"class_list":["post-28806","page","type-page","status-publish","hentry"],"acf":[],"_links":{"self":[{"href":"https:\/\/remato.com\/lt\/wp-json\/wp\/v2\/pages\/28806","targetHints":{"allow":["GET"]}}],"collection":[{"href":"https:\/\/remato.com\/lt\/wp-json\/wp\/v2\/pages"}],"about":[{"href":"https:\/\/remato.com\/lt\/wp-json\/wp\/v2\/types\/page"}],"author":[{"embeddable":true,"href":"https:\/\/remato.com\/lt\/wp-json\/wp\/v2\/users\/4"}],"replies":[{"embeddable":true,"href":"https:\/\/remato.com\/lt\/wp-json\/wp\/v2\/comments?post=28806"}],"version-history":[{"count":2,"href":"https:\/\/remato.com\/lt\/wp-json\/wp\/v2\/pages\/28806\/revisions"}],"predecessor-version":[{"id":29020,"href":"https:\/\/remato.com\/lt\/wp-json\/wp\/v2\/pages\/28806\/revisions\/29020"}],"wp:attachment":[{"href":"https:\/\/remato.com\/lt\/wp-json\/wp\/v2\/media?parent=28806"}],"curies":[{"name":"wp","href":"https:\/\/api.w.org\/{rel}","templated":true}]}}