{"id":19444,"date":"2025-02-06T14:56:42","date_gmt":"2025-02-06T14:56:42","guid":{"rendered":"https:\/\/remato.com\/statybos-laiko-stebejimo-programine-iranga\/"},"modified":"2025-10-15T15:53:01","modified_gmt":"2025-10-15T15:53:01","slug":"statybos-laiko-stebejimo-programine-iranga","status":"publish","type":"page","link":"https:\/\/remato.com\/lt\/statybos-laiko-stebejimo-programine-iranga\/","title":{"rendered":"Statybos laiko steb\u0117jimo programin\u0117 \u012franga"},"content":{"rendered":"","protected":false},"excerpt":{"rendered":"","protected":false},"author":4,"featured_media":0,"parent":0,"menu_order":0,"comment_status":"closed","ping_status":"closed","template":"templates\/product.php","meta":{"_acf_changed":false,"footnotes":""},"class_list":["post-19444","page","type-page","status-publish","hentry"],"acf":[],"_links":{"self":[{"href":"https:\/\/remato.com\/lt\/wp-json\/wp\/v2\/pages\/19444","targetHints":{"allow":["GET"]}}],"collection":[{"href":"https:\/\/remato.com\/lt\/wp-json\/wp\/v2\/pages"}],"about":[{"href":"https:\/\/remato.com\/lt\/wp-json\/wp\/v2\/types\/page"}],"author":[{"embeddable":true,"href":"https:\/\/remato.com\/lt\/wp-json\/wp\/v2\/users\/4"}],"replies":[{"embeddable":true,"href":"https:\/\/remato.com\/lt\/wp-json\/wp\/v2\/comments?post=19444"}],"version-history":[{"count":1,"href":"https:\/\/remato.com\/lt\/wp-json\/wp\/v2\/pages\/19444\/revisions"}],"predecessor-version":[{"id":19796,"href":"https:\/\/remato.com\/lt\/wp-json\/wp\/v2\/pages\/19444\/revisions\/19796"}],"wp:attachment":[{"href":"https:\/\/remato.com\/lt\/wp-json\/wp\/v2\/media?parent=19444"}],"curies":[{"name":"wp","href":"https:\/\/api.w.org\/{rel}","templated":true}]}}