{"id":28790,"date":"2026-01-21T12:00:28","date_gmt":"2026-01-21T12:00:28","guid":{"rendered":"https:\/\/remato.com\/manuels\/"},"modified":"2026-02-15T21:44:20","modified_gmt":"2026-02-15T21:44:20","slug":"manuels","status":"publish","type":"page","link":"https:\/\/remato.com\/fr\/manuels\/","title":{"rendered":"Manuels"},"content":{"rendered":"\n<p>Bienvenue sur la page des <strong>manuels d\u2019utilisation<\/strong> Remato, votre point de r\u00e9f\u00e9rence pour les guides pas \u00e0 pas et la documentation <strong>PDF t\u00e9l\u00e9chargeable<\/strong> pour la plateforme Remato. Vous trouverez ici des instructions pratiques et des explications sur les fonctionnalit\u00e9s. Que vous configuriez votre \u00e9quipe pour la premi\u00e8re fois ou que vous recherchiez une r\u00e9f\u00e9rence rapide, <strong>ces manuels vous aideront \u00e0 int\u00e9grer votre \u00e9quipe.<\/strong><\/p>\n\n<p>Tous les manuels sont fournis sous forme de <strong>fichiers PDF<\/strong> faciles \u00e0 t\u00e9l\u00e9charger et sont disponibles en <strong>plusieurs langues<\/strong>, afin que toute votre \u00e9quipe puisse apprendre et travailler dans la langue avec laquelle elle se sent le plus \u00e0 l&rsquo;aise. Nous am\u00e9liorons et mettons \u00e0 jour r\u00e9guli\u00e8rement notre documentation afin qu\u2019elle reste claire, utile et conforme aux derni\u00e8res fonctionnalit\u00e9s de Remato.<\/p>\n\n<p>Utilisez les sections ci-dessous pour s\u00e9lectionner le manuel dont vous avez besoin et le t\u00e9l\u00e9charger dans la langue de votre choix.<\/p>\n\n<h2 class=\"wp-block-heading\">Gestion de l&rsquo;\u00e9quipage<\/h2>\n\n<p>Ce manuel vous aide lors de la configuration initiale, du <a href=\"https:\/\/remato.com\/fr\/logiciel-de-suivi-du-temps-de-construction\/\" data-type=\"page\" data-id=\"18779\"><strong>suivi du temps<\/strong><\/a> et des <a href=\"https:\/\/remato.com\/fr\/application-photo-construction\/\" data-type=\"page\" data-id=\"18254\"><strong>photos<\/strong><\/a>.<\/p>\n\n<ul class=\"wp-block-list\">\n<li><a href=\"https:\/\/drive.google.com\/file\/d\/1xC2D4l_VBQFO27rKrpOXQhiYCWTXBKQY\/view?usp=sharing\" target=\"_blank\" rel=\"noreferrer noopener\">Anglais<\/a><\/li>\n\n\n\n<li><a href=\"https:\/\/drive.google.com\/file\/d\/11C0p9JDLCksEtPu3ZoX0FYwsT_Peevbu\/view?usp=sharing\" target=\"_blank\" rel=\"noreferrer noopener\">Estonien<\/a><\/li>\n\n\n\n<li><a href=\"https:\/\/drive.google.com\/file\/d\/1r9I-jm5_KdDRupknbCUyfLJf1CmXjLyq\/view?usp=sharing\" target=\"_blank\" rel=\"noreferrer noopener\">Grec<\/a><\/li>\n\n\n\n<li><a href=\"https:\/\/drive.google.com\/file\/d\/1m6kjJaEu-PDV0oVtDKboAWfqwHUyv91W\/view?usp=sharing\" target=\"_blank\" rel=\"noreferrer noopener\">Letton<\/a><\/li>\n\n\n\n<li><a href=\"https:\/\/drive.google.com\/file\/d\/1udHF8EfTeQDQY30mZj7qb5vxw1aHuNp9\/view?usp=sharing\" target=\"_blank\" rel=\"noopener\">Polonais<\/a><\/li>\n\n\n\n<li><a href=\"https:\/\/drive.google.com\/file\/d\/1cU7lBxBFMoMvHiYmWN-EQYPgs-VyP5r7\/view?usp=sharing\" target=\"_blank\" data-type=\"link\" data-id=\"https:\/\/drive.google.com\/file\/d\/1cU7lBxBFMoMvHiYmWN-EQYPgs-VyP5r7\/view?usp=sharing\" rel=\"noreferrer noopener\">Russe<\/a><\/li>\n\n\n\n<li><a href=\"https:\/\/drive.google.com\/file\/d\/1JdpJ53CiSWGVZRz_6yCXc3ck8W9AzFI1\/view?usp=drive_link\" data-type=\"link\" data-id=\"https:\/\/drive.google.com\/file\/d\/1JdpJ53CiSWGVZRz_6yCXc3ck8W9AzFI1\/view?usp=drive_link\" target=\"_blank\" rel=\"noopener\">Espagnol<\/a><\/li>\n\n\n\n<li><a href=\"https:\/\/drive.google.com\/file\/d\/1uppzWRyWlEl04omdp3_avXUex8qi8Sct\/view?usp=sharing\" target=\"_blank\" data-type=\"link\" data-id=\"https:\/\/drive.google.com\/file\/d\/1uppzWRyWlEl04omdp3_avXUex8qi8Sct\/view?usp=sharing\" rel=\"noreferrer noopener\">Ouzbek<\/a><\/li>\n<\/ul>\n\n<h2 class=\"wp-block-heading\">Gestion des outils<\/h2>\n\n<p>Ce manuel donne un aper\u00e7u de base de la <strong><a href=\"https:\/\/remato.com\/fr\/gestion-des-outils\/\" data-type=\"page\" data-id=\"149\">gestion des outils<\/a><\/strong> (y compris la lecture des codes QR).<\/p>\n\n<ul class=\"wp-block-list\">\n<li><a href=\"https:\/\/drive.google.com\/file\/d\/1OeeGhS0DJ5woG3UfED4PmJiJ0A9_xhwr\/view?usp=sharing\" target=\"_blank\" data-type=\"link\" data-id=\"https:\/\/drive.google.com\/file\/d\/1OeeGhS0DJ5woG3UfED4PmJiJ0A9_xhwr\/view?usp=sharing\" rel=\"noreferrer noopener\">Anglais<\/a><\/li>\n\n\n\n<li><a href=\"https:\/\/drive.google.com\/file\/d\/1z_kOvzXhWlzblf42c6pxVMLX3GnyMHXH\/view?usp=sharing\" target=\"_blank\" rel=\"noreferrer noopener\">Estonien<\/a><\/li>\n\n\n\n<li><a href=\"https:\/\/drive.google.com\/file\/d\/1zFpiHYweYMM3IMiqqqk0-eS81uFlLBNV\/view?usp=sharing\" target=\"_blank\" data-type=\"link\" data-id=\"https:\/\/drive.google.com\/file\/d\/1zFpiHYweYMM3IMiqqqk0-eS81uFlLBNV\/view?usp=sharing\" rel=\"noreferrer noopener\">Grec<\/a><\/li>\n\n\n\n<li><a href=\"https:\/\/drive.google.com\/file\/d\/1n6uoliDFXt5RTNIANKpBd10NZ10C7hlp\/view?usp=sharing\" target=\"_blank\" data-type=\"link\" data-id=\"https:\/\/drive.google.com\/file\/d\/1n6uoliDFXt5RTNIANKpBd10NZ10C7hlp\/view?usp=sharing\" rel=\"noreferrer noopener\">Letton<\/a><\/li>\n\n\n\n<li><a href=\"https:\/\/drive.google.com\/file\/d\/1-6gdTNxvXsI-6N_yin1I6pLDi0yrBf1l\/view?usp=sharing\" data-type=\"link\" data-id=\"https:\/\/drive.google.com\/file\/d\/1-6gdTNxvXsI-6N_yin1I6pLDi0yrBf1l\/view?usp=sharing\" target=\"_blank\" rel=\"noopener\">Polonais<\/a><\/li>\n\n\n\n<li><a href=\"https:\/\/drive.google.com\/file\/d\/1klCmZYOHav1P_VuSOCQmAfuTYo9Uv7hA\/view?usp=sharing\" target=\"_blank\" data-type=\"link\" data-id=\"https:\/\/drive.google.com\/file\/d\/1klCmZYOHav1P_VuSOCQmAfuTYo9Uv7hA\/view?usp=sharing\" rel=\"noreferrer noopener\">Russe<\/a><\/li>\n\n\n\n<li><a href=\"https:\/\/drive.google.com\/file\/d\/1Z3PVWjNrQA4jLA35jZ1Ec-XO_qQ6nZ4P\/view?usp=drive_link\" data-type=\"link\" data-id=\"https:\/\/drive.google.com\/file\/d\/1Z3PVWjNrQA4jLA35jZ1Ec-XO_qQ6nZ4P\/view?usp=drive_link\" target=\"_blank\" rel=\"noopener\">Espagnol<\/a><\/li>\n\n\n\n<li><a href=\"https:\/\/drive.google.com\/file\/d\/14PrCokaBWErKdkoWpmugD1XECuipsXtC\/view?usp=sharing\" target=\"_blank\" data-type=\"link\" data-id=\"https:\/\/drive.google.com\/file\/d\/14PrCokaBWErKdkoWpmugD1XECuipsXtC\/view?usp=sharing\" rel=\"noreferrer noopener\">Ouzbek<\/a><\/li>\n<\/ul>\n\n<h2 class=\"wp-block-heading\">Gestion de chantier<\/h2>\n\n<p>Si vous avez besoin de manuels pour la <strong><a href=\"https:\/\/remato.com\/fr\/gestion-digitale-du-chantier\/\" data-type=\"page\" data-id=\"11281\">gestion de chantier<\/a><\/strong>, veuillez contacter notre \u00e9quipe d\u2019assistance \u00e0 l\u2019adresse <strong><a href=\"mailto:support@remato.com\">support@remato.com<\/a><\/strong> et nous vous aiderons \u00e0 trouver la documentation appropri\u00e9e.<\/p>\n\n<p><\/p>\n","protected":false},"excerpt":{"rendered":"<p>Bienvenue sur la page des manuels d\u2019utilisation Remato, votre point de r\u00e9f\u00e9rence pour les guides pas \u00e0 pas et la documentation PDF t\u00e9l\u00e9chargeable pour la plateforme Remato. Vous trouverez ici des instructions pratiques et des explications sur les fonctionnalit\u00e9s. Que vous configuriez votre \u00e9quipe pour la premi\u00e8re fois ou que vous recherchiez une r\u00e9f\u00e9rence rapide, [&hellip;]<\/p>\n","protected":false},"author":4,"featured_media":0,"parent":0,"menu_order":0,"comment_status":"closed","ping_status":"closed","template":"","meta":{"_acf_changed":false,"footnotes":""},"class_list":["post-28790","page","type-page","status-publish","hentry"],"acf":[],"_links":{"self":[{"href":"https:\/\/remato.com\/fr\/wp-json\/wp\/v2\/pages\/28790","targetHints":{"allow":["GET"]}}],"collection":[{"href":"https:\/\/remato.com\/fr\/wp-json\/wp\/v2\/pages"}],"about":[{"href":"https:\/\/remato.com\/fr\/wp-json\/wp\/v2\/types\/page"}],"author":[{"embeddable":true,"href":"https:\/\/remato.com\/fr\/wp-json\/wp\/v2\/users\/4"}],"replies":[{"embeddable":true,"href":"https:\/\/remato.com\/fr\/wp-json\/wp\/v2\/comments?post=28790"}],"version-history":[{"count":2,"href":"https:\/\/remato.com\/fr\/wp-json\/wp\/v2\/pages\/28790\/revisions"}],"predecessor-version":[{"id":29017,"href":"https:\/\/remato.com\/fr\/wp-json\/wp\/v2\/pages\/28790\/revisions\/29017"}],"wp:attachment":[{"href":"https:\/\/remato.com\/fr\/wp-json\/wp\/v2\/media?parent=28790"}],"curies":[{"name":"wp","href":"https:\/\/api.w.org\/{rel}","templated":true}]}}