{"id":28808,"date":"2026-01-21T12:00:28","date_gmt":"2026-01-21T12:00:28","guid":{"rendered":"https:\/\/remato.com\/kasikirjat\/"},"modified":"2026-02-15T21:44:20","modified_gmt":"2026-02-15T21:44:20","slug":"kasikirjat","status":"publish","type":"page","link":"https:\/\/remato.com\/fi\/kasikirjat\/","title":{"rendered":"K\u00e4sikirjat"},"content":{"rendered":"\n<p>Tervetuloa Rematon <strong>k\u00e4ytt\u00f6oppaat<\/strong>-sivulle, josta l\u00f6yd\u00e4t vaiheittaiset oppaat ja <strong>ladattavan PDF<\/strong>-dokumentaation Remato-alustalle. T\u00e4\u00e4lt\u00e4 l\u00f6yd\u00e4t k\u00e4yt\u00e4nn\u00f6n ohjeita ja ominaisuuksien selityksi\u00e4. Olitpa sitten perustamassa tiimi\u00e4si ensimm\u00e4ist\u00e4 kertaa tai etsim\u00e4ss\u00e4 nopeaa viitett\u00e4, <strong>n\u00e4m\u00e4 k\u00e4sikirjat auttavat sinua perehdytt\u00e4m\u00e4\u00e4n tiimisi.<\/strong><\/p>\n\n<p>Kaikki k\u00e4ytt\u00f6oppaat toimitetaan helposti ladattavina <strong>PDF-tiedostoina<\/strong> ja ovat saatavilla <strong>useilla kielill\u00e4<\/strong>, jotta koko tiimisi voi oppia ja ty\u00f6skennell\u00e4 heille mieluisimmalla kielell\u00e4. Parannamme ja p\u00e4ivit\u00e4mme dokumentaatiotamme s\u00e4\u00e4nn\u00f6llisesti pit\u00e4\u00e4ksemme sen selke\u00e4n\u00e4, hy\u00f6dyllisen\u00e4 ja uusimpien Remato-ominaisuuksien mukaisena.<\/p>\n\n<p>K\u00e4yt\u00e4 alla olevia osioita valitaksesi tarvitsemasi k\u00e4sikirjan ja ladataksesi sen haluamallasi kielell\u00e4.<\/p>\n\n<h2 class=\"wp-block-heading\">Miehist\u00f6n hallinta<\/h2>\n\n<p>T\u00e4m\u00e4 k\u00e4sikirja auttaa alkuasetuksissa, <a href=\"https:\/\/remato.com\/fi\/rakentamisen-aikataulutusohjelmisto\/\" data-type=\"page\" data-id=\"18779\"><strong>ajanseurannassa<\/strong><\/a> ja <a href=\"https:\/\/remato.com\/fi\/rakennus-kuva-sovellus\/\" data-type=\"page\" data-id=\"18254\"><strong>kuvien<\/strong><\/a> kanssa.<\/p>\n\n<ul class=\"wp-block-list\">\n<li><a href=\"https:\/\/drive.google.com\/file\/d\/1xC2D4l_VBQFO27rKrpOXQhiYCWTXBKQY\/view?usp=sharing\" target=\"_blank\" rel=\"noreferrer noopener\">englanti<\/a><\/li>\n\n\n\n<li><a href=\"https:\/\/drive.google.com\/file\/d\/11C0p9JDLCksEtPu3ZoX0FYwsT_Peevbu\/view?usp=sharing\" target=\"_blank\" rel=\"noreferrer noopener\">viro<\/a><\/li>\n\n\n\n<li><a href=\"https:\/\/drive.google.com\/file\/d\/1r9I-jm5_KdDRupknbCUyfLJf1CmXjLyq\/view?usp=sharing\" target=\"_blank\" rel=\"noreferrer noopener\">kreikka<\/a><\/li>\n\n\n\n<li><a href=\"https:\/\/drive.google.com\/file\/d\/1m6kjJaEu-PDV0oVtDKboAWfqwHUyv91W\/view?usp=sharing\" target=\"_blank\" rel=\"noreferrer noopener\">latvia<\/a><\/li>\n\n\n\n<li><a href=\"https:\/\/drive.google.com\/file\/d\/1udHF8EfTeQDQY30mZj7qb5vxw1aHuNp9\/view?usp=sharing\" target=\"_blank\" rel=\"noopener\">puola<\/a><\/li>\n\n\n\n<li><a href=\"https:\/\/drive.google.com\/file\/d\/1cU7lBxBFMoMvHiYmWN-EQYPgs-VyP5r7\/view?usp=sharing\" target=\"_blank\" data-type=\"link\" data-id=\"https:\/\/drive.google.com\/file\/d\/1cU7lBxBFMoMvHiYmWN-EQYPgs-VyP5r7\/view?usp=sharing\" rel=\"noreferrer noopener\">ven\u00e4j\u00e4<\/a><\/li>\n\n\n\n<li><a href=\"https:\/\/drive.google.com\/file\/d\/1JdpJ53CiSWGVZRz_6yCXc3ck8W9AzFI1\/view?usp=drive_link\" data-type=\"link\" data-id=\"https:\/\/drive.google.com\/file\/d\/1JdpJ53CiSWGVZRz_6yCXc3ck8W9AzFI1\/view?usp=drive_link\" target=\"_blank\" rel=\"noopener\">espanja<\/a><\/li>\n\n\n\n<li><a href=\"https:\/\/drive.google.com\/file\/d\/1uppzWRyWlEl04omdp3_avXUex8qi8Sct\/view?usp=sharing\" target=\"_blank\" data-type=\"link\" data-id=\"https:\/\/drive.google.com\/file\/d\/1uppzWRyWlEl04omdp3_avXUex8qi8Sct\/view?usp=sharing\" rel=\"noreferrer noopener\">uzbekki<\/a><\/li>\n<\/ul>\n\n<h2 class=\"wp-block-heading\">Ty\u00f6kalujen hallinta<\/h2>\n\n<p>T\u00e4m\u00e4 k\u00e4sikirja antaa peruskatsauksen <strong><a href=\"https:\/\/remato.com\/fi\/tyokalujen-hallinta\/\" data-type=\"page\" data-id=\"149\">ty\u00f6kalujen hallintaan<\/a><\/strong> (sis. QR-koodin skannauksen).<\/p>\n\n<ul class=\"wp-block-list\">\n<li><a href=\"https:\/\/drive.google.com\/file\/d\/1OeeGhS0DJ5woG3UfED4PmJiJ0A9_xhwr\/view?usp=sharing\" target=\"_blank\" data-type=\"link\" data-id=\"https:\/\/drive.google.com\/file\/d\/1OeeGhS0DJ5woG3UfED4PmJiJ0A9_xhwr\/view?usp=sharing\" rel=\"noreferrer noopener\">englanti<\/a><\/li>\n\n\n\n<li><a href=\"https:\/\/drive.google.com\/file\/d\/1z_kOvzXhWlzblf42c6pxVMLX3GnyMHXH\/view?usp=sharing\" target=\"_blank\" rel=\"noreferrer noopener\">viro<\/a><\/li>\n\n\n\n<li><a href=\"https:\/\/drive.google.com\/file\/d\/1zFpiHYweYMM3IMiqqqk0-eS81uFlLBNV\/view?usp=sharing\" target=\"_blank\" data-type=\"link\" data-id=\"https:\/\/drive.google.com\/file\/d\/1zFpiHYweYMM3IMiqqqk0-eS81uFlLBNV\/view?usp=sharing\" rel=\"noreferrer noopener\">kreikka<\/a><\/li>\n\n\n\n<li><a href=\"https:\/\/drive.google.com\/file\/d\/1n6uoliDFXt5RTNIANKpBd10NZ10C7hlp\/view?usp=sharing\" target=\"_blank\" data-type=\"link\" data-id=\"https:\/\/drive.google.com\/file\/d\/1n6uoliDFXt5RTNIANKpBd10NZ10C7hlp\/view?usp=sharing\" rel=\"noreferrer noopener\">latvia<\/a><\/li>\n\n\n\n<li><a href=\"https:\/\/drive.google.com\/file\/d\/1-6gdTNxvXsI-6N_yin1I6pLDi0yrBf1l\/view?usp=sharing\" data-type=\"link\" data-id=\"https:\/\/drive.google.com\/file\/d\/1-6gdTNxvXsI-6N_yin1I6pLDi0yrBf1l\/view?usp=sharing\" target=\"_blank\" rel=\"noopener\">puola<\/a><\/li>\n\n\n\n<li><a href=\"https:\/\/drive.google.com\/file\/d\/1klCmZYOHav1P_VuSOCQmAfuTYo9Uv7hA\/view?usp=sharing\" target=\"_blank\" data-type=\"link\" data-id=\"https:\/\/drive.google.com\/file\/d\/1klCmZYOHav1P_VuSOCQmAfuTYo9Uv7hA\/view?usp=sharing\" rel=\"noreferrer noopener\">ven\u00e4j\u00e4<\/a><\/li>\n\n\n\n<li><a href=\"https:\/\/drive.google.com\/file\/d\/1Z3PVWjNrQA4jLA35jZ1Ec-XO_qQ6nZ4P\/view?usp=drive_link\" data-type=\"link\" data-id=\"https:\/\/drive.google.com\/file\/d\/1Z3PVWjNrQA4jLA35jZ1Ec-XO_qQ6nZ4P\/view?usp=drive_link\" target=\"_blank\" rel=\"noopener\">espanja<\/a><\/li>\n\n\n\n<li><a href=\"https:\/\/drive.google.com\/file\/d\/14PrCokaBWErKdkoWpmugD1XECuipsXtC\/view?usp=sharing\" target=\"_blank\" data-type=\"link\" data-id=\"https:\/\/drive.google.com\/file\/d\/14PrCokaBWErKdkoWpmugD1XECuipsXtC\/view?usp=sharing\" rel=\"noreferrer noopener\">uzbekki<\/a><\/li>\n<\/ul>\n\n<h2 class=\"wp-block-heading\">Rakennusty\u00f6maan hallinta<\/h2>\n\n<p>Jos tarvitset k\u00e4sikirjoja <strong><a href=\"https:\/\/remato.com\/fi\/digitaalinen-tyomaa-hallinta\/\" data-type=\"page\" data-id=\"11281\">rakennusty\u00f6maan hallintaan<\/a><\/strong>, ota yhteytt\u00e4 tukitiimiimme osoitteessa <strong><a href=\"mailto:support@remato.com\">support@remato.com<\/a><\/strong>, niin autamme sinua oikean dokumentaation kanssa.<\/p>\n\n<p><\/p>\n","protected":false},"excerpt":{"rendered":"<p>Tervetuloa Rematon k\u00e4ytt\u00f6oppaat-sivulle, josta l\u00f6yd\u00e4t vaiheittaiset oppaat ja ladattavan PDF-dokumentaation Remato-alustalle. T\u00e4\u00e4lt\u00e4 l\u00f6yd\u00e4t k\u00e4yt\u00e4nn\u00f6n ohjeita ja ominaisuuksien selityksi\u00e4. Olitpa sitten perustamassa tiimi\u00e4si ensimm\u00e4ist\u00e4 kertaa tai etsim\u00e4ss\u00e4 nopeaa viitett\u00e4, n\u00e4m\u00e4 k\u00e4sikirjat auttavat sinua perehdytt\u00e4m\u00e4\u00e4n tiimisi. Kaikki k\u00e4ytt\u00f6oppaat toimitetaan helposti ladattavina PDF-tiedostoina ja ovat saatavilla useilla kielill\u00e4, jotta koko tiimisi voi oppia ja ty\u00f6skennell\u00e4 heille mieluisimmalla kielell\u00e4. [&hellip;]<\/p>\n","protected":false},"author":4,"featured_media":0,"parent":0,"menu_order":0,"comment_status":"closed","ping_status":"closed","template":"","meta":{"_acf_changed":false,"footnotes":""},"class_list":["post-28808","page","type-page","status-publish","hentry"],"acf":[],"_links":{"self":[{"href":"https:\/\/remato.com\/fi\/wp-json\/wp\/v2\/pages\/28808","targetHints":{"allow":["GET"]}}],"collection":[{"href":"https:\/\/remato.com\/fi\/wp-json\/wp\/v2\/pages"}],"about":[{"href":"https:\/\/remato.com\/fi\/wp-json\/wp\/v2\/types\/page"}],"author":[{"embeddable":true,"href":"https:\/\/remato.com\/fi\/wp-json\/wp\/v2\/users\/4"}],"replies":[{"embeddable":true,"href":"https:\/\/remato.com\/fi\/wp-json\/wp\/v2\/comments?post=28808"}],"version-history":[{"count":2,"href":"https:\/\/remato.com\/fi\/wp-json\/wp\/v2\/pages\/28808\/revisions"}],"predecessor-version":[{"id":29019,"href":"https:\/\/remato.com\/fi\/wp-json\/wp\/v2\/pages\/28808\/revisions\/29019"}],"wp:attachment":[{"href":"https:\/\/remato.com\/fi\/wp-json\/wp\/v2\/media?parent=28808"}],"curies":[{"name":"wp","href":"https:\/\/api.w.org\/{rel}","templated":true}]}}