{"id":28784,"date":"2026-01-21T12:00:28","date_gmt":"2026-01-21T12:00:28","guid":{"rendered":"https:\/\/remato.com\/kasutusjuhendid\/"},"modified":"2026-02-10T12:33:01","modified_gmt":"2026-02-10T12:33:01","slug":"kasutusjuhendid","status":"publish","type":"page","link":"https:\/\/remato.com\/et\/kasutusjuhendid\/","title":{"rendered":"Kasutusjuhendid"},"content":{"rendered":"\n<p>Tere tulemast Remato <strong>kasutusjuhendite<\/strong> lehele, mis on teie peamine allikas samm-sammult juhendite ja <strong>allalaaditava PDF<\/strong>-dokumentatsiooni jaoks Remato platvormi kohta. Siit leiate praktilisi juhiseid ja funktsioonide selgitusi. Olenemata sellest, kas seadistate oma meeskonda esimest korda v\u00f5i otsite kiiret viidet, <strong>aitavad need juhendid teie meeskonnal kiiresti Rematoga tuttavaks saada.<\/strong><\/p>\n\n<p>K\u00f5ik juhendid on saadaval h\u00f5lpsasti allalaaditavate <strong>PDF-failidena<\/strong> ja on k\u00e4ttesaadavad <strong>mitmes keeles<\/strong>, nii et teie kogu meeskond saab \u00f5ppida ja t\u00f6\u00f6tada keeles, milles nad end k\u00f5ige mugavamalt tunnevad. T\u00e4iustame ja uuendame oma dokumentatsiooni regulaarselt, et see oleks selge, abivalmis ja vastaks Remato uusimatele funktsioonidele.<\/p>\n\n<p>Leia sobivad juhendid alt poolt.<\/p>\n\n<h2 class=\"wp-block-heading\">Meeskonna haldus<\/h2>\n\n<p>See juhend aitab esmase seadistamisega, <a href=\"https:\/\/remato.com\/et\/tooaja-arvestuse-tarkvara\/\" data-type=\"page\" data-id=\"18779\"><strong>t\u00f6\u00f6aja j\u00e4lgimisega<\/strong><\/a> ja <a href=\"https:\/\/remato.com\/et\/kaamerarakendus-ehitajatele\/\" data-type=\"page\" data-id=\"18254\"><strong>fotodega<\/strong><\/a>.<\/p>\n\n<ul class=\"wp-block-list\">\n<li><a href=\"https:\/\/drive.google.com\/file\/d\/1xC2D4l_VBQFO27rKrpOXQhiYCWTXBKQY\/view?usp=sharing\" target=\"_blank\" rel=\"noreferrer noopener\">Inglise<\/a><\/li>\n\n\n\n<li><a href=\"https:\/\/drive.google.com\/file\/d\/11C0p9JDLCksEtPu3ZoX0FYwsT_Peevbu\/view?usp=sharing\" target=\"_blank\" rel=\"noreferrer noopener\">Eesti<\/a><\/li>\n\n\n\n<li><a href=\"https:\/\/drive.google.com\/file\/d\/1r9I-jm5_KdDRupknbCUyfLJf1CmXjLyq\/view?usp=sharing\" target=\"_blank\" rel=\"noreferrer noopener\">Kreeka<\/a><\/li>\n\n\n\n<li><a href=\"https:\/\/drive.google.com\/file\/d\/1m6kjJaEu-PDV0oVtDKboAWfqwHUyv91W\/view?usp=sharing\" target=\"_blank\" rel=\"noreferrer noopener\">L\u00e4ti<\/a><\/li>\n\n\n\n<li><a href=\"https:\/\/drive.google.com\/file\/d\/1udHF8EfTeQDQY30mZj7qb5vxw1aHuNp9\/view?usp=sharing\" target=\"_blank\" rel=\"noopener\">Poola<\/a><\/li>\n\n\n\n<li><a href=\"https:\/\/drive.google.com\/file\/d\/1cU7lBxBFMoMvHiYmWN-EQYPgs-VyP5r7\/view?usp=sharing\" target=\"_blank\" data-type=\"link\" data-id=\"https:\/\/drive.google.com\/file\/d\/1cU7lBxBFMoMvHiYmWN-EQYPgs-VyP5r7\/view?usp=sharing\" rel=\"noreferrer noopener\">Vene<\/a><\/li>\n\n\n\n<li><a href=\"https:\/\/drive.google.com\/file\/d\/1JdpJ53CiSWGVZRz_6yCXc3ck8W9AzFI1\/view?usp=drive_link\" data-type=\"link\" data-id=\"https:\/\/drive.google.com\/file\/d\/1JdpJ53CiSWGVZRz_6yCXc3ck8W9AzFI1\/view?usp=drive_link\" target=\"_blank\" rel=\"noopener\">Hispaania<\/a><\/li>\n\n\n\n<li><a href=\"https:\/\/drive.google.com\/file\/d\/1uppzWRyWlEl04omdp3_avXUex8qi8Sct\/view?usp=sharing\" target=\"_blank\" data-type=\"link\" data-id=\"https:\/\/drive.google.com\/file\/d\/1uppzWRyWlEl04omdp3_avXUex8qi8Sct\/view?usp=sharing\" rel=\"noreferrer noopener\">Usbeki<\/a><\/li>\n<\/ul>\n\n<h2 class=\"wp-block-heading\">Varade haldus<\/h2>\n\n<p>See juhend annab p\u00f5hilise \u00fclevaate <strong><a href=\"https:\/\/remato.com\/et\/varade-haldus\/\" data-type=\"page\" data-id=\"149\">t\u00f6\u00f6riistade haldamisest<\/a><\/strong> (sh QR-koodi skaneerimine).<\/p>\n\n<ul class=\"wp-block-list\">\n<li><a href=\"https:\/\/drive.google.com\/file\/d\/1OeeGhS0DJ5woG3UfED4PmJiJ0A9_xhwr\/view?usp=sharing\" target=\"_blank\" data-type=\"link\" data-id=\"https:\/\/drive.google.com\/file\/d\/1OeeGhS0DJ5woG3UfED4PmJiJ0A9_xhwr\/view?usp=sharing\" rel=\"noreferrer noopener\">Inglise<\/a><\/li>\n\n\n\n<li><a href=\"https:\/\/drive.google.com\/file\/d\/1z_kOvzXhWlzblf42c6pxVMLX3GnyMHXH\/view?usp=sharing\" target=\"_blank\" rel=\"noreferrer noopener\">Eesti<\/a><\/li>\n\n\n\n<li><a href=\"https:\/\/drive.google.com\/file\/d\/1zFpiHYweYMM3IMiqqqk0-eS81uFlLBNV\/view?usp=sharing\" target=\"_blank\" data-type=\"link\" data-id=\"https:\/\/drive.google.com\/file\/d\/1zFpiHYweYMM3IMiqqqk0-eS81uFlLBNV\/view?usp=sharing\" rel=\"noreferrer noopener\">Kreeka<\/a><\/li>\n\n\n\n<li><a href=\"https:\/\/drive.google.com\/file\/d\/1n6uoliDFXt5RTNIANKpBd10NZ10C7hlp\/view?usp=sharing\" target=\"_blank\" data-type=\"link\" data-id=\"https:\/\/drive.google.com\/file\/d\/1n6uoliDFXt5RTNIANKpBd10NZ10C7hlp\/view?usp=sharing\" rel=\"noreferrer noopener\">L\u00e4ti<\/a><\/li>\n\n\n\n<li><a href=\"https:\/\/drive.google.com\/file\/d\/1-6gdTNxvXsI-6N_yin1I6pLDi0yrBf1l\/view?usp=sharing\" data-type=\"link\" data-id=\"https:\/\/drive.google.com\/file\/d\/1-6gdTNxvXsI-6N_yin1I6pLDi0yrBf1l\/view?usp=sharing\" target=\"_blank\" rel=\"noopener\">Poola<\/a><\/li>\n\n\n\n<li><a href=\"https:\/\/drive.google.com\/file\/d\/1klCmZYOHav1P_VuSOCQmAfuTYo9Uv7hA\/view?usp=sharing\" target=\"_blank\" data-type=\"link\" data-id=\"https:\/\/drive.google.com\/file\/d\/1klCmZYOHav1P_VuSOCQmAfuTYo9Uv7hA\/view?usp=sharing\" rel=\"noreferrer noopener\">Vene<\/a><\/li>\n\n\n\n<li><a href=\"https:\/\/drive.google.com\/file\/d\/1Z3PVWjNrQA4jLA35jZ1Ec-XO_qQ6nZ4P\/view?usp=drive_link\" data-type=\"link\" data-id=\"https:\/\/drive.google.com\/file\/d\/1Z3PVWjNrQA4jLA35jZ1Ec-XO_qQ6nZ4P\/view?usp=drive_link\" target=\"_blank\" rel=\"noopener\">Hispaania<\/a><\/li>\n\n\n\n<li><a href=\"https:\/\/drive.google.com\/file\/d\/14PrCokaBWErKdkoWpmugD1XECuipsXtC\/view?usp=sharing\" target=\"_blank\" data-type=\"link\" data-id=\"https:\/\/drive.google.com\/file\/d\/14PrCokaBWErKdkoWpmugD1XECuipsXtC\/view?usp=sharing\" rel=\"noreferrer noopener\">Usbeki<\/a><\/li>\n<\/ul>\n\n<h2 class=\"wp-block-heading\">T\u00f6\u00f6maa haldus<\/h2>\n\n<p>Kui vajate juhendeid <strong><a href=\"https:\/\/remato.com\/et\/toomaa-haldus\/\" data-type=\"page\" data-id=\"11281\">t\u00f6\u00f6maa haldamiseks<\/a><\/strong>, v\u00f5tke palun \u00fchendust meie meeskonnaga aadressil <strong><a href=\"mailto:support@remato.com\">support@remato.ee<\/a><\/strong> ja me aitame teid \u00f5ige dokumentatsiooniga.<\/p>\n\n<p><\/p>\n","protected":false},"excerpt":{"rendered":"<p>Tere tulemast Remato kasutusjuhendite lehele, mis on teie peamine allikas samm-sammult juhendite ja allalaaditava PDF-dokumentatsiooni jaoks Remato platvormi kohta. Siit leiate praktilisi juhiseid ja funktsioonide selgitusi. Olenemata sellest, kas seadistate oma meeskonda esimest korda v\u00f5i otsite kiiret viidet, aitavad need juhendid teie meeskonnal kiiresti Rematoga tuttavaks saada. K\u00f5ik juhendid on saadaval h\u00f5lpsasti allalaaditavate PDF-failidena ja [&hellip;]<\/p>\n","protected":false},"author":4,"featured_media":0,"parent":0,"menu_order":0,"comment_status":"closed","ping_status":"closed","template":"","meta":{"_acf_changed":false,"footnotes":""},"class_list":["post-28784","page","type-page","status-publish","hentry"],"acf":[],"_links":{"self":[{"href":"https:\/\/remato.com\/et\/wp-json\/wp\/v2\/pages\/28784","targetHints":{"allow":["GET"]}}],"collection":[{"href":"https:\/\/remato.com\/et\/wp-json\/wp\/v2\/pages"}],"about":[{"href":"https:\/\/remato.com\/et\/wp-json\/wp\/v2\/types\/page"}],"author":[{"embeddable":true,"href":"https:\/\/remato.com\/et\/wp-json\/wp\/v2\/users\/4"}],"replies":[{"embeddable":true,"href":"https:\/\/remato.com\/et\/wp-json\/wp\/v2\/comments?post=28784"}],"version-history":[{"count":2,"href":"https:\/\/remato.com\/et\/wp-json\/wp\/v2\/pages\/28784\/revisions"}],"predecessor-version":[{"id":29007,"href":"https:\/\/remato.com\/et\/wp-json\/wp\/v2\/pages\/28784\/revisions\/29007"}],"wp:attachment":[{"href":"https:\/\/remato.com\/et\/wp-json\/wp\/v2\/media?parent=28784"}],"curies":[{"name":"wp","href":"https:\/\/api.w.org\/{rel}","templated":true}]}}