{"id":24030,"date":"2025-07-10T12:52:43","date_gmt":"2025-07-10T12:52:43","guid":{"rendered":"https:\/\/remato.com\/?page_id=24030"},"modified":"2025-07-14T20:52:54","modified_gmt":"2025-07-14T20:52:54","slug":"kasutuseeskiri-2025-09-01","status":"publish","type":"page","link":"https:\/\/remato.com\/et\/kasutuseeskiri-2025-09-01\/","title":{"rendered":"Kasutuseeskiri (2025-09-01)"},"content":{"rendered":"\n<p><strong>Ulatus ja lubatud kasutus<\/strong><\/p>\n\n\n\n<p>K\u00e4esolev Remato kasutuseeskiri (\u201eEeskiri\u201c) kehtib Klientide ja Kasutajate (\u201eteie\u201c) poolt Remato pakutavate Teenuste ja Platvormi kasutamisele. K\u00e4esolevas eeskirjas kasutatud, kuid m\u00e4\u00e4ratlemata suure algust\u00e4hega m\u00f5isted omavad t\u00e4hendust, mis on m\u00e4\u00e4ratletud Remato Kasutustingimustes. Selle eeskirja eesm\u00e4rk on v\u00e4ltida Remato Teenuse ja Platvormi v\u00e4\u00e4rkasutust v\u00f5i kuritarvitamist. Te v\u00f5ite Teenust ja Platvormi kasutada ainult vastavalt sellele Eeskirjale ja kohaldatavale \u00f5igusele.<\/p>\n\n\n\n<p><strong>Eeskirjade rikkumised<\/strong><\/p>\n\n\n\n<p>Allpool toodud keelatud tegevuste loetelu, mida Remato peab Teenuse ja Platvormi v\u00e4\u00e4rkasutuseks v\u00f5i kuritarvitamiseks, ei ole ammendav. Te ei tohi Teenust ja Platvormi kasutamisel rikkuda allpool toodud selges\u00f5nalisi keelde, Remato Kasutustingimusi ega selle Eeskirja p\u00f5him\u00f5tteid. Remato&#8217;l on ainu\u00f5igus omal \u00e4ran\u00e4gemisel viivitamata l\u00f5petada v\u00f5i peatada Teenuse ja Platvormi kasutamine v\u00f5i juurdep\u00e4\u00e4s ilma Teile ette teatamata ja vastutuseta Teie ees, kui Teie v\u00f5i m\u00f5ni Teie kasuks t\u00f6\u00f6tav isik rikub Eeskirja v\u00f5i Eeskirja p\u00f5him\u00f5tteid, v\u00f5i kui Remato otsustab oma \u00e4ran\u00e4gemisel, et Teie j\u00e4tkuv Teenuse v\u00f5i Platvormi kasutamine v\u00f5ib rikkuda m\u00f5nda seadust, eeskirja v\u00f5i m\u00e4\u00e4rust.<\/p>\n\n\n\n<p><strong>Keelatud materjalid ja tegevused<\/strong><\/p>\n\n\n\n<p>Lisaks, ilma et see piiraks Eeskirjas v\u00f5i Kasutustingimustes s\u00e4testatud muid n\u00f5udeid, ei tohi Te (otseselt ega kaudselt) kasutada Teenust ja Platvormi sisuga v\u00f5i viisil, mis Remato ainuotsuse kohaselt:<\/p>\n\n\n\n<ol class=\"wp-block-list\">\n<li>ohustab Teenuse v\u00f5i Platvormi turvalisust v\u00f5i toimimist (sealhulgas Platvormi muutmine, p\u00f6\u00f6rdprojekteerimine, turva- v\u00f5i autentimismeetmete v\u00e4ltimine v\u00f5i volitamata juurdep\u00e4\u00e4su saamine Teenusele, seotud s\u00fcsteemidele, v\u00f5rkudele v\u00f5i andmetele);<\/li>\n\n\n\n<li>p\u00fc\u00fcab juurdep\u00e4\u00e4su Platvormi mis tahes osale v\u00f5i otsib neid muul viisil kui Remato avalikult toetatud liideste kaudu (n\u00e4iteks \u201eandmekraapimine\u201c);<\/li>\n\n\n\n<li>sooritab kuriteo, rikub kehtivat seadust v\u00f5i meelitab v\u00f5i kutsub teisi \u00fcles selliseid ebaseaduslikke tegevusi sooritama;<\/li>\n\n\n\n<li>on petlik, vale, petturlik, ebat\u00e4pne v\u00f5i eksitav;<\/li>\n\n\n\n<li>kuvab materjali, mis ekspluateerib alla 18-aastaseid lapsi, pornograafiat v\u00f5i ebaseaduslikult pornograafilisi seksuaaltooteid; ebaseaduslikke kaupu; ebaseaduslikke narkootikume; tulirelvi, pomme, granaate v\u00f5i muid relvi;<\/li>\n\n\n\n<li>rikub kolmanda osapoole intellektuaalomandi \u00f5igusi, sealhulgas, ilma et see oleks piiratud j\u00e4rgnevatega: tarkvara, muusika, videote, piltide v\u00f5i muu intellektuaalomandi seadustega (v\u00f5i privaatsuse v\u00f5i avalikustamise \u00f5igustega) kaitstud materjali levitamine, kui Teil ei ole selleks k\u00f5iki vajalikke \u00f5igusi ja n\u00f5usolekuid;<\/li>\n\n\n\n<li>sisaldab materjali, mis on \u00e4\u00e4rmiselt solvav, vulgaarne, ropp, s\u00fcndsusetu v\u00f5i ebaseaduslik, sealhulgas, ilma et see oleks piiratud j\u00e4rgnevatega: ilmselged fanatismi, eelarvamuste, rassismi, vihkamise v\u00e4ljendused v\u00f5i liigne ropendamine v\u00f5i postitab mis tahes roppu, nilbet, himurat, k\u00f5lvatut, \u00e4\u00e4rmiselt v\u00e4givaldset, ahistavat v\u00f5i muul viisil vastuv\u00f5etamatut sisu;<\/li>\n\n\n\n<li>postitab v\u00f5i avaldab mis tahes isikut tuvastavat teavet v\u00f5i isiklikku teavet mis tahes isiku (sealhulgas laste) kohta ilma nende n\u00f5usolekuta (v\u00f5i alaealise puhul nende seadusliku eestkostja n\u00f5usolekuta);<\/li>\n\n\n\n<li>laadib \u00fcles faile, mis sisaldavad viiruseid, rikutud faile v\u00f5i mis tahes muid sarnaseid tarkvara v\u00f5i programme, sealhulgas, ilma et see oleks piirantud j\u00e4rgnevatega: viiruseid, pahavara, usse, kahjulikku koodi ja\/v\u00f5i Trooja hobuseid, mis v\u00f5ivad kahjustada Teenuse, Platvormi v\u00f5i teise isiku seadme toimimist;<\/li>\n\n\n\n<li>tegeleb mis tahes laimava, au teotava, skandaalse, \u00e4hvardava, ahistava tegevusega; v\u00f5i<\/li>\n\n\n\n<li>postitab mis tahes sisu, mis propageerib, edendab v\u00f5i muul viisil julgustab v\u00e4givalda mis tahes valitsuste, organisatsioonide, gruppide v\u00f5i \u00fcksikisikute vastu v\u00f5i mis pakub juhiseid, teavet v\u00f5i abi sellise v\u00e4givalla p\u00f5hjustamiseks v\u00f5i l\u00e4biviimiseks, sealhulgas, ilma et see oleks piiratud j\u00e4rgnevatega; ebaseadusliku tegevuse propageerimine, h\u00f5lbustamine v\u00f5i teistele juhendamine.<\/li>\n<\/ol>\n\n\n\n<p><strong>Eeskirjade uuendused<\/strong><\/p>\n\n\n\n<p>Remato v\u00f5ib teha Eeskirjas muudatusi, saates teate Eeskirja muudetud versiooni kohta Platvormile, ja sellised uuendused j\u00f5ustuvad, kui Te aktsepteerite uuendatud Eeskirja.<\/p>\n","protected":false},"excerpt":{"rendered":"<p>Ulatus ja lubatud kasutus K\u00e4esolev Remato kasutuseeskiri (\u201eEeskiri\u201c) kehtib Klientide ja Kasutajate (\u201eteie\u201c) poolt Remato pakutavate Teenuste ja Platvormi kasutamisele. K\u00e4esolevas eeskirjas kasutatud, kuid m\u00e4\u00e4ratlemata suure algust\u00e4hega m\u00f5isted omavad t\u00e4hendust, mis on m\u00e4\u00e4ratletud Remato Kasutustingimustes. Selle eeskirja eesm\u00e4rk on v\u00e4ltida Remato Teenuse ja Platvormi v\u00e4\u00e4rkasutust v\u00f5i kuritarvitamist. Te v\u00f5ite Teenust ja Platvormi kasutada ainult vastavalt [&hellip;]<\/p>\n","protected":false},"author":10,"featured_media":0,"parent":0,"menu_order":0,"comment_status":"closed","ping_status":"closed","template":"","meta":{"_acf_changed":false,"footnotes":""},"class_list":["post-24030","page","type-page","status-publish","hentry"],"acf":[],"_links":{"self":[{"href":"https:\/\/remato.com\/et\/wp-json\/wp\/v2\/pages\/24030","targetHints":{"allow":["GET"]}}],"collection":[{"href":"https:\/\/remato.com\/et\/wp-json\/wp\/v2\/pages"}],"about":[{"href":"https:\/\/remato.com\/et\/wp-json\/wp\/v2\/types\/page"}],"author":[{"embeddable":true,"href":"https:\/\/remato.com\/et\/wp-json\/wp\/v2\/users\/10"}],"replies":[{"embeddable":true,"href":"https:\/\/remato.com\/et\/wp-json\/wp\/v2\/comments?post=24030"}],"version-history":[{"count":3,"href":"https:\/\/remato.com\/et\/wp-json\/wp\/v2\/pages\/24030\/revisions"}],"predecessor-version":[{"id":24079,"href":"https:\/\/remato.com\/et\/wp-json\/wp\/v2\/pages\/24030\/revisions\/24079"}],"wp:attachment":[{"href":"https:\/\/remato.com\/et\/wp-json\/wp\/v2\/media?parent=24030"}],"curies":[{"name":"wp","href":"https:\/\/api.w.org\/{rel}","templated":true}]}}