{"id":23818,"date":"2025-07-09T13:07:54","date_gmt":"2025-07-09T13:07:54","guid":{"rendered":"https:\/\/remato.com\/?page_id=23818"},"modified":"2025-07-10T08:17:05","modified_gmt":"2025-07-10T08:17:05","slug":"privaatsuspoliitika-2022-05-01","status":"publish","type":"page","link":"https:\/\/remato.com\/et\/privaatsuspoliitika-2022-05-01\/","title":{"rendered":"Privaatsuspoliitika (2022-05-01)"},"content":{"rendered":"\n<p>Tere tulemast lugema Remato Solutions O\u00dc (edaspidi <strong>Remato<\/strong> v\u00f5i <strong>meie<\/strong>) privaatsuspoliitikat. Soovime, et te m\u00f5istaksite, kuidas me kasutame teie isikuandmeid (edaspidi ka <strong>andmed<\/strong>) kliendisuhte v\u00f5i muu koost\u00f6\u00f6 k\u00e4igus.<\/p>\n\n<p>Remato pakub veebip\u00f5hist tarkvarateenust nimega Remato (software-as-a-service ehk SaaS), mis on m\u00f5eldud eelk\u00f5ige ehitusettev\u00f5tetele nende igap\u00e4evase t\u00f6\u00f6 haldamiseks. Meie teenus on m\u00f5eldud kasutamiseks majandus- ja kutsetegevuses. Seega on Remato kliendid ja partnerid peamiselt juriidilised isikud, mist\u00f5ttu Remato kui vastutav t\u00f6\u00f6tleja kasutab nende isikute isikuandmeid, kes suhtlevad meiega ja\/v\u00f5i kasutavad meie teenuseid juriidilise isiku nimel (nt juriidilise isiku v\u00f5i \u00e4ripartneri t\u00f6\u00f6tajana v\u00f5i juhatuse liikmena).<\/p>\n\n<p>Meil on \u00f5igus \u00fchepoolselt muuta privaatsuspoliitika tingimusi, kui isikuandmete kaitset k\u00e4sitlevad \u00f5igusaktid v\u00f5i meie enda andmet\u00f6\u00f6tlustavad muutuvad. Me teavitame teid k\u00f5igist muudatustest 1 kuu enne muudatuste j\u00f5ustumist meie veebisaidil. Privaatsuspoliitika uusim versioon on alati saadaval meie veebisaidil <a href=\"https:\/\/remato.com\/et\/privaatsuspoliitika\/\">https:\/\/remato.com\/privacy-policy\/<\/a>.<\/p>\n\n<p><strong>M\u00e4\u00e4ratlused<\/strong><\/p>\n\n<p>Selleks, et te saaksite meie privaatsuspoliitikast paremini aru, selgitame siinkohal peamisi meie kasutatavaid andmekaitsetermineid.<\/p>\n\n<p><span style=\"text-decoration: underline;\">GDPR<\/span> t\u00e4hendab \u00fcldist andmekaitsem\u00e4\u00e4rust (EL) 2016\/679), mille rakendamine algas 25. mail 2018 ja mis on vahetult kohaldatav k\u00f5ikides Euroopa Liidu liikmesriikides.<\/p>\n\n<p><span style=\"text-decoration: underline;\">Isikuandmed<\/span> on igasugune teave tuvastatud v\u00f5i tuvastatava f\u00fc\u00fcsilise isiku (andmesubjekti) kohta; tuvastatav f\u00fc\u00fcsiline isik on isik, keda saab otseselt v\u00f5i kaudselt tuvastada nime, identifitseerimisnumbri, asukohaandmete, veebitunnuse v\u00f5i \u00fche v\u00f5i mitme f\u00fc\u00fcsilise, f\u00fcsioloogilise, geneetilise, vaimse, majandusliku, kultuurilise v\u00f5i sotsiaalse tunnuse alusel.<\/p>\n\n<p><span style=\"text-decoration: underline;\">T\u00f6\u00f6tlemine<\/span> &#8211; mis tahes toiming v\u00f5i toimingute kogum, mida tehakse isikuandmete v\u00f5i isikuandmete kogumitega, olenemata sellest, kas see toimub automatiseeritult v\u00f5i mitte, n\u00e4iteks kogumine, salvestamine, korrastamine, struktureerimine, s\u00e4ilitamine, kohandamine v\u00f5i muutmine, v\u00e4ljav\u00f5tete tegemine, p\u00e4ringute tegemine, kasutamine, avalikustamine edastamise, levitamise v\u00f5i muul viisil k\u00e4ttesaadavaks tegemise teel, \u00fchtlustamine v\u00f5i \u00fchendamine, piiramine, kustutamine v\u00f5i h\u00e4vitamine.<\/p>\n\n<p><span style=\"text-decoration: underline;\">Vastutav t\u00f6\u00f6tleja<\/span> on \u00fcksus, kes otsustab, miks ja kuidas isikuandmeid t\u00f6\u00f6deldakse.<\/p>\n\n<p><span style=\"text-decoration: underline;\">T\u00f6\u00f6tleja<\/span> &#8211; \u00fcksus, kes t\u00f6\u00f6tleb isikuandmeid vastutava t\u00f6\u00f6tleja nimel.<\/p>\n\n<p>K\u00e4esolevat privaatsuspoliitikat kohaldatakse isikuandmete t\u00f6\u00f6tlemise suhtes, kui:<\/p>\n\n<ul class=\"wp-block-list\">\n<li>kasutate Remato teenuseid meie kliendi esindajana kliendi nimel;<\/li>\n\n\n\n<li>olete meie kliendi v\u00f5i muu \u00e4ripartneri esindaja v\u00f5i kontaktisik;<\/li>\n\n\n\n<li>k\u00fcsite lihtsalt teavet meie veebikeskkonna kaudu v\u00f5i e-posti teel.<\/li>\n<\/ul>\n\n<p><strong>1. Isikuandmete vastutav t\u00f6\u00f6tleja<\/strong><\/p>\n\n<p>Remato Solutions O\u00dc<\/p>\n\n<p>Registrikood: 14536402<\/p>\n\n<p>Aadress: Paju 2, Tartu 50603, Eesti<\/p>\n\n<p>E-post: <a href=\"mailto:info@remato.com\">info@remato.com<\/a><\/p>\n\n<p><strong>2. Millist t\u00fc\u00fcpi andmeid me kogume ja millistest allikatest?<\/strong><\/p>\n\n<p>Nagu eespool \u00f6eldud, on Remato B2B-ettev\u00f5te, seega kasutame teie isikuandmeid peamiselt kliendiga suhtlemiseks teenuste osutamise eesm\u00e4rgil. Seega p\u00f5hineb teie isikuandmete t\u00f6\u00f6tlemine meie \u00f5igustatud huvil &#8211; te olete esindaja, kelle kaudu meie klient meiega suhtleb ja vastupidi.<\/p>\n\n<p><span style=\"text-decoration: underline;\">Meie teenuseid kasutades esitate tavaliselt j\u00e4rgmised andmed<\/span>: Teie ees- ja perekonnanimi, e-posti aadress, geograafiline piirkond, ametikoht ettev\u00f5ttes (st meie kliendi juures), keeleeelistused. Te v\u00f5ite anda seda teavet, registreerudes meie teenuste kasutajaks, kasutades meie teenuseid veebi v\u00f5i mobiilirakenduse kaudu, andes meile tagasisidet v\u00f5i j\u00e4ttes meile s\u00f5numi, et v\u00f5taksime teiega \u00fchendust, v\u00f5i muul viisil meiega \u00fchendust v\u00f5ttes.<\/p>\n\n<p>Eeldame, et selline teave on m\u00f5eldud ametialaseks ja \u00e4riliseks kasutamiseks\/suhtlemiseks ning ei sisalda isiklikke kontaktandmeid.<\/p>\n\n<p><span style=\"text-decoration: underline;\">Automaatselt kogutud andmed<\/span>: Kui kasutate meie teenuseid kasutajana (sealhulgas t\u00f6\u00f6tajana v\u00f5i muu volitatud esindajana meie kliendi (juriidilise isiku) poolt teie jaoks loodud kasutajakonto kaudu) v\u00f5i k\u00fclastate meie veebisaiti, v\u00f5ime automaatselt salvestada teatud teavet teie seadme kohta, kasutades erinevaid tehnoloogiaid, n\u00e4iteks k\u00fcpsiseid ja veebimajakaid. Automaatselt kogutud teave v\u00f5ib h\u00f5lmata j\u00e4rgmist: IP-aadressid (kasutaja asukoha m\u00e4\u00e4ramiseks), teave veebilehitsejate ja kasutaja seadme kohta, sirvimisaktiivsus erinevatel veebilehtedel, lehek\u00fcljed v\u00f5i muu sisu, mida te meie teenuse kasutamise ajal vaatate v\u00f5i millega te suhtlete, meie teenuse k\u00fclastamise, kasutamise v\u00f5i kasutamise kuup\u00e4evad ja kellaaeg. Me kasutame eespool nimetatud andmeid \u00f5igustatud huvi alusel, et anal\u00fc\u00fcsida teenuse k\u00e4ttesaadavust ja toimimist ning seel\u00e4bi parandada meie teenuste kvaliteeti ja arendada teenuseid, lisades funktsioone, uusi funktsioone jne.<\/p>\n\n<p><span style=\"text-decoration: underline;\">Andmed avalikest allikatest<\/span>: Me v\u00f5ime saada teavet (sealhulgas isikuandmeid) ka avalikest allikatest, n\u00e4iteks \u00e4riregistritest, internetist ja kolmandatelt isikutelt, n\u00e4iteks krediidiregistritest, et anal\u00fc\u00fcsida kliendi tausta- ja krediidiinfot.<\/p>\n\n<p><span style=\"text-decoration: underline;\">Remato klientide poolt kogutud andmed<\/span>: Meie teenuste kasutamisel laadivad ja t\u00f6\u00f6tlevad meie kliendid (st ettev\u00f5te, mida te esindate \/ mille heaks te t\u00f6\u00f6tate) meie teenuste ja platvormi kaudu erinevaid andmeid (sealhulgas oma t\u00f6\u00f6tajate, klientide, \u00e4ripartnerite jne isikuandmeid). Sellisel juhul on isikuandmed meie kliendi kontrolli all ja Remato t\u00f6\u00f6tleb isikuandmeid ainult sel eesm\u00e4rgil ja ulatuses, mis on vajalik kliendile teenuste osutamiseks. Sellisel juhul tegutseb Remato andmet\u00f6\u00f6tlejana vastavalt kliendiga s\u00f5lmitud andmet\u00f6\u00f6tluslepingule.<\/p>\n\n<p><strong>3. Mis on teie isikuandmete t\u00f6\u00f6tlemise eesm\u00e4rk ja \u00f5iguslik alus?<\/strong><\/p>\n\n<p>Nagu eespool selgitatud, kasutame teie andmeid peamiselt selleks, et pakkuda teenuseid, mille teie esindatav klient on meilt tellinud, ja et suhelda teie esindatava kliendiga v\u00f5i kliendiga, kelle nimel te meie teenuseid kasutate. Seet\u00f5ttu kasutame teie andmeid j\u00e4rgmistel eesm\u00e4rkidel (i) \u00e4rilised (teenuste haldamine, hooldus, funktsioonide t\u00e4iustamine, kliendiga suhtlemine), (ii) \u00e4riarendus (kasutusstatistika, eelistuste, uute teenuste ja tootearenduse suundumuste anal\u00fc\u00fcs), (iii) turundus (meie teenuste ja toodetega seotud uudised ja pakkumised).<\/p>\n\n<p>\u00d5iguslik alus andmete t\u00f6\u00f6tlemiseks Remato poolt eespool nimetatud eesm\u00e4rkidel on meie \u00f5igustatud huvi &#8211; me peame suhtlema juriidilise isikuga ja kui te tegutsete kliendi esindajana, eeldame, et huvide tasakaal on olemas ja me ei l\u00e4he vastuollu teie huvide, \u00f5iguste ja vabadustega. Kui isikuandmete t\u00f6\u00f6tlemine p\u00f5hineb \u00f5igustatud huvil, on andmesubjektil alati \u00f5igus esitada vastuv\u00e4iteid sellisele t\u00f6\u00f6tlemisele. Vastuv\u00e4ite esitamisel teavitame oma klienti, paludes esitada meile uue kontaktisiku v\u00f5i muul viisil kommenteerida teie vastuv\u00e4idet.<\/p>\n\n<p>Seoses teie t\u00f6\u00f6 v\u00f5i vastutusvaldkonnaga v\u00f5ime m\u00f5nikord saata teile otseturunduspakkumisi ja -teateid, n\u00e4iteks kui teie t\u00f6\u00f6andja on meie klient v\u00f5i kui olete varem meie teenuseid tellinud oma ettev\u00f5tte esindajana. Selline otseturundustegevus p\u00f5hineb samuti Remato \u00f5igustatud huvil. Kui saate meilt selliseid otseturunduss\u00f5numeid, on teil alati \u00f5igus loobuda, kl\u00f5psates s\u00f5numi l\u00f5pus oleval loobumislingil.<\/p>\n\n<p><strong>4. Kellega me v\u00f5ime teie andmeid jagada?<\/strong><\/p>\n\n<p>Rematos on teie isikuandmed k\u00e4ttesaadavad ainult nendele t\u00f6\u00f6tajatele, kes vajavad neid andmeid oma \u00fclesannete t\u00e4itmiseks (teadmisvajaduse alusel). V\u00e4ljaspool Rematot v\u00f5ime jagada teie andmeid j\u00e4rgmistele isikutele vajalikul m\u00e4\u00e4ral j\u00e4rgmistel juhtudel:<\/p>\n\n<ul class=\"wp-block-list\">\n<li><strong>Teenusepakkujad<\/strong>: Teie andmed v\u00f5ivad olla k\u00e4ttesaadavad isikutele, kes osutavad meile teenuseid ja t\u00f6\u00f6tlevad teie andmeid meie nimel (andmet\u00f6\u00f6tlejad), ja seda ulatuses, mis on vajalik selliste teenuste osutamiseks. Nende hulka kuuluvad n\u00e4iteks andmete hosting- ja varundusteenuste pakkujad; raamatupidamis-, arveldus-, tugi- ja anal\u00fc\u00fcsitarkvara pakkujad; arendus- ja turundusteenuste pakkujad.<\/li>\n\n\n\n<li><strong>Ametiasutused ja riigiasutused <\/strong>(nt politsei, andmekaitseasutused): me avaldame teie andmeid ainult siis ja niiv\u00f5rd, kui me oleme selleks seaduslikult kohustatud.<\/li>\n\n\n\n<li><strong>Kutsen\u00f5ustajad<\/strong>: meil v\u00f5ib tekkida vajadus jagada teie andmeid meie kutsen\u00f5ustajatega, n\u00e4iteks audiitorite ja advokaatidega.<\/li>\n\n\n\n<li><strong>Kolmandad isikud seoses Remato tehingutega<\/strong>: N\u00e4iteks seoses Remato aktsiate v\u00f5i varade m\u00fc\u00fcgiga teistele isikutele. Samuti \u00fchisettev\u00f5tte loomise, \u00fchinemise v\u00f5i muu \u00fcmberkorraldamise kontekstis.<\/li>\n<\/ul>\n\n<p>\u00dcldjuhul me ei s\u00e4ilita ega edasta teie isikuandmeid v\u00e4ljapoole Euroopa Majanduspiirkonda. Kui selline edastamine on siiski vajalik, j\u00e4rgime GDPRi 5. peat\u00fckis s\u00e4testatud n\u00f5udeid.<\/p>\n\n<p><strong>5. Kui kaua me teie andmeid s\u00e4ilitame?<\/strong><a id=\"post-7239-_Hlk505942994\"><\/a><\/p>\n\n<p>Me s\u00e4ilitame teie andmeid nii kaua, kui see on vajalik k\u00e4esolevas privaatsuspoliitikas kirjeldatud t\u00f6\u00f6tlemiseks ja seadusest tulenevate n\u00f5uete t\u00e4itmiseks:<\/p>\n\n<ul class=\"wp-block-list\">\n<li>me s\u00e4ilitame kasutajakonto andmeid nii kaua, kui klient on meie teenuste aktiivne kasutaja, ja 6 kuud p\u00e4rast seda;<\/li>\n\n\n\n<li>oleme seadusega kohustatud s\u00e4ilitama arveandmeid ja nende aluseks olevaid dokumente 7 aastat;<\/li>\n\n\n\n<li>me s\u00e4ilitame oma varukoopiaid 24 kuud;<\/li>\n\n\n\n<li>s\u00e4ilitame teavet meie ja meie kliendi vaheliste \u00f5igustoimingute kohta tsiviil\u00f5iguslike n\u00f5uete aegumist\u00e4htaja jooksul (3 aastat, tahtliku rikkumise korral 10 aastat), et saaksime kaitsta end \u00f5iguslike n\u00f5uete vastu ja esitada \u00f5iguslikke n\u00f5udeid enda kaitseks.<\/li>\n<\/ul>\n\n<p>Lisaks v\u00f5ime andmeid t\u00f6\u00f6delda koondatud v\u00f5i anon\u00fc\u00fcmsel kujul, n\u00e4iteks anal\u00fc\u00fctilistel ja statistilistel eesm\u00e4rkidel ning meie teenuste t\u00e4iustamiseks ja arendamiseks. Kui soovite rohkem teada oma isikuandmete s\u00e4ilitamise kohta, saatke palun p\u00e4ring privaatsuspoliitika punktis 1 toodud e-posti aadressile.<\/p>\n\n<p><strong>6. Millised on teie \u00f5igused seoses teie andmetega?<\/strong><\/p>\n\n<p><em>Juurdep\u00e4\u00e4su\u00f5igus &#8211; <\/em>teil on \u00f5igus teada, milliseid andmeid me teie kohta kogume, mis eesm\u00e4rgil me neid t\u00f6\u00f6tleme, kellele me andmeid avaldame, kui kaua me andmeid s\u00e4ilitame ja millised on teie \u00f5igused teie isikuandmete piiramise, parandamise, kustutamise ja t\u00f6\u00f6tlemise osas. Teie taotlusele vastamiseks peame k\u00f5igepealt teid tuvastama, et v\u00e4ltida teabe jagamist volitamata isikutega. Meil on \u00f5igus vastata teie taotlusele 30 p\u00e4eva jooksul.<\/p>\n\n<p><em>\u00d5igus andmete parandamisele <\/em>&#8211; teil on \u00f5igus n\u00f5uda oma isikuandmete parandamist, kui need on ebat\u00e4psed v\u00f5i ebat\u00e4ielikud.<\/p>\n\n<p><em>\u00d5igus andmete kustutamisele &#8211; <\/em>teil on teatud tingimustel \u00f5igus n\u00f5uda oma isikuandmete kustutamist, sealhulgas juhul, kui teie isikuandmete t\u00f6\u00f6tlemine ei ole enam vajalik nende eesm\u00e4rkide saavutamiseks, milleks neid koguti, v\u00f5i kui teie isikuandmete t\u00f6\u00f6tlemine p\u00f5hines teie n\u00f5usolekul ja te soovite oma n\u00f5usoleku tagasi v\u00f5tta ning teie isikuandmete t\u00f6\u00f6tlemiseks ei ole muid p\u00f5hjuseid.<\/p>\n\n<p><em>\u00d5igus piirata t\u00f6\u00f6tlemist <\/em>&#8211; teil on teatud tingimustel \u00f5igus keelata v\u00f5i piirata oma isikuandmete t\u00f6\u00f6tlemist teatud aja jooksul (nt kui olete esitanud vastuv\u00e4ite andmete t\u00f6\u00f6tlemise kohta).<\/p>\n\n<p><em>\u00d5igus esitada vastuv\u00e4iteid &#8211; <\/em>teil on \u00f5igus esitada vastuv\u00e4iteid andmet\u00f6\u00f6tlusele, mis p\u00f5hineb meie \u00f5igustatud huvil. Sellise vastuv\u00e4ite korral l\u00f5petab Remato teie isikuandmete t\u00f6\u00f6tlemise, v\u00e4lja arvatud juhul, kui me suudame t\u00f5endada, et t\u00f6\u00f6tlemiseks on kaalukad \u00f5igusp\u00e4rased p\u00f5hjused v\u00f5i kui t\u00f6\u00f6tlemine on vajalik \u00f5igusn\u00f5uete esitamiseks, t\u00e4itmiseks v\u00f5i kaitsmiseks.  <strong>Teil on ka \u00f5igus igal ajal esitada vastuv\u00e4iteid oma isikuandmete t\u00f6\u00f6tlemisele otseturunduse eesm\u00e4rgil. Sellise vastuv\u00e4ite saamisel l\u00f5petame teie isikuandmete t\u00f6\u00f6tlemise otseturunduse eesm\u00e4rgil.<\/strong><\/p>\n\n<p><em>\u00d5igus andmete \u00fclekantavusele <\/em>&#8211; Kui isikuandmete t\u00f6\u00f6tlemine p\u00f5hineb teie n\u00f5usolekul v\u00f5i Remato ja teie vahelisel lepingul ning andmeid t\u00f6\u00f6deldakse automaatselt, on teil \u00f5igus saada juurdep\u00e4\u00e4s teid puudutavatele andmetele, mille olete meile andnud struktureeritud, \u00fcldiselt kasutataval ja masinloetaval kujul. Teil on ka \u00f5igus paluda Rematol saata sellised andmed otse teisele teenusepakkujale, kui see on tehniliselt v\u00f5imalik (see t\u00e4hendab, et teine teenusepakkuja on v\u00f5imeline andmeid edastatavas formaadis vastu v\u00f5tma).<\/p>\n\n<p>Kui soovite kasutada m\u00f5nda eespool nimetatud \u00f5igust, v\u00f5tke meiega \u00fchendust privaatsuspoliitika punktis 1 toodud e-posti aadressil.<\/p>\n\n<p>Selguse huvides ei kohaldata k\u00e4esoleva punkti 6 s\u00e4tteid isikuandmete suhtes, mida Remato t\u00f6\u00f6tleb oma klientide nimel, n\u00e4iteks andmete suhtes, mida klient sisestab Remato teenuseid kasutades meie veebip\u00f5hisesse tarkvarasse. Sellisel juhul kontrollib isikuandmeid klient ja neid hallatakse vastavalt kliendi privaatsustingimustele. Seega tuleb k\u00f5ik selliste andmetega seotud andmesubjektide taotlused esitada Remato kliendile, kes vastutab selliste andmete \u00fcleslaadimise ja salvestamise eest teenuses.<\/p>\n\n<p><strong>7. \u00d5igus esitada kaebus j\u00e4relevalveasutusele ja kohtule  <\/strong><\/p>\n\n<p>Kui soovite lisateavet oma isikuandmete v\u00f5i oma \u00f5iguste kasutamise kohta, v\u00f5tke meiega \u00fchendust privaatsuspoliitika punktis 1 toodud e-posti aadressil.<\/p>\n\n<p>Kui leiate, et teie isikuandmete t\u00f6\u00f6tlemine rikub GDPRi n\u00f5udeid, on teil \u00f5igus p\u00f6\u00f6rduda oma \u00f5iguste ja huvide kaitsmiseks j\u00e4relevalveasutuse v\u00f5i kohtu poole.<\/p>\n","protected":false},"excerpt":{"rendered":"<p>Tere tulemast lugema Remato Solutions O\u00dc (edaspidi Remato v\u00f5i meie) privaatsuspoliitikat. Soovime, et te m\u00f5istaksite, kuidas me kasutame teie isikuandmeid (edaspidi ka andmed) kliendisuhte v\u00f5i muu koost\u00f6\u00f6 k\u00e4igus. Remato pakub veebip\u00f5hist tarkvarateenust nimega Remato (software-as-a-service ehk SaaS), mis on m\u00f5eldud eelk\u00f5ige ehitusettev\u00f5tetele nende igap\u00e4evase t\u00f6\u00f6 haldamiseks. Meie teenus on m\u00f5eldud kasutamiseks majandus- ja kutsetegevuses. Seega [&hellip;]<\/p>\n","protected":false},"author":10,"featured_media":0,"parent":0,"menu_order":0,"comment_status":"closed","ping_status":"closed","template":"","meta":{"_acf_changed":false,"footnotes":""},"class_list":["post-23818","page","type-page","status-publish","hentry"],"acf":[],"_links":{"self":[{"href":"https:\/\/remato.com\/et\/wp-json\/wp\/v2\/pages\/23818","targetHints":{"allow":["GET"]}}],"collection":[{"href":"https:\/\/remato.com\/et\/wp-json\/wp\/v2\/pages"}],"about":[{"href":"https:\/\/remato.com\/et\/wp-json\/wp\/v2\/types\/page"}],"author":[{"embeddable":true,"href":"https:\/\/remato.com\/et\/wp-json\/wp\/v2\/users\/10"}],"replies":[{"embeddable":true,"href":"https:\/\/remato.com\/et\/wp-json\/wp\/v2\/comments?post=23818"}],"version-history":[{"count":2,"href":"https:\/\/remato.com\/et\/wp-json\/wp\/v2\/pages\/23818\/revisions"}],"predecessor-version":[{"id":23832,"href":"https:\/\/remato.com\/et\/wp-json\/wp\/v2\/pages\/23818\/revisions\/23832"}],"wp:attachment":[{"href":"https:\/\/remato.com\/et\/wp-json\/wp\/v2\/media?parent=23818"}],"curies":[{"name":"wp","href":"https:\/\/api.w.org\/{rel}","templated":true}]}}