{"id":28794,"date":"2026-01-21T12:00:28","date_gmt":"2026-01-21T12:00:28","guid":{"rendered":"https:\/\/remato.com\/manuales\/"},"modified":"2026-02-15T21:44:23","modified_gmt":"2026-02-15T21:44:23","slug":"manuales","status":"publish","type":"page","link":"https:\/\/remato.com\/es\/manuales\/","title":{"rendered":"Manuales"},"content":{"rendered":"\n<p>Bienvenido a la p\u00e1gina de <strong>manuales de usuario<\/strong> de Remato, su lugar de referencia para gu\u00edas paso a paso y documentaci\u00f3n <strong>PDF descargable<\/strong> para la plataforma Remato. Aqu\u00ed puede encontrar instrucciones pr\u00e1cticas y explicaciones de las funciones. Tanto si est\u00e1 configurando su equipo por primera vez como si busca una referencia r\u00e1pida, <strong>estos manuales le ayudar\u00e1n a incorporar a su equipo.<\/strong><\/p>\n\n<p>Todos los manuales se proporcionan como <strong>archivos PDF<\/strong> f\u00e1ciles de descargar y est\u00e1n disponibles en <strong>varios idiomas<\/strong>, para que todo su equipo pueda aprender y trabajar en el idioma con el que se sientan m\u00e1s c\u00f3modos. Mejoramos y actualizamos nuestra documentaci\u00f3n con regularidad para que sea clara, \u00fatil y est\u00e9 en consonancia con las \u00faltimas funciones de Remato.<\/p>\n\n<p>Utilice las siguientes secciones para seleccionar el manual que necesita y descargarlo en su idioma preferido.<\/p>\n\n<h2 class=\"wp-block-heading\">Gesti\u00f3n de tripulaci\u00f3n<\/h2>\n\n<p>Este manual ayuda con la configuraci\u00f3n inicial, el <a href=\"https:\/\/remato.com\/es\/software-de-seguimiento-de-tiempo-para-la-construccion\/\" data-type=\"page\" data-id=\"18779\"><strong>seguimiento del tiempo<\/strong><\/a> y las <a href=\"https:\/\/remato.com\/es\/aplicacion-fotos-construccion\/\" data-type=\"page\" data-id=\"18254\"><strong>fotos<\/strong><\/a>.<\/p>\n\n<ul class=\"wp-block-list\">\n<li><a href=\"https:\/\/drive.google.com\/file\/d\/1xC2D4l_VBQFO27rKrpOXQhiYCWTXBKQY\/view?usp=sharing\" target=\"_blank\" rel=\"noreferrer noopener\">Ingl\u00e9s<\/a><\/li>\n\n\n\n<li><a href=\"https:\/\/drive.google.com\/file\/d\/11C0p9JDLCksEtPu3ZoX0FYwsT_Peevbu\/view?usp=sharing\" target=\"_blank\" rel=\"noreferrer noopener\">Estonio<\/a><\/li>\n\n\n\n<li><a href=\"https:\/\/drive.google.com\/file\/d\/1r9I-jm5_KdDRupknbCUyfLJf1CmXjLyq\/view?usp=sharing\" target=\"_blank\" rel=\"noreferrer noopener\">Griego<\/a><\/li>\n\n\n\n<li><a href=\"https:\/\/drive.google.com\/file\/d\/1m6kjJaEu-PDV0oVtDKboAWfqwHUyv91W\/view?usp=sharing\" target=\"_blank\" rel=\"noreferrer noopener\">Let\u00f3n<\/a><\/li>\n\n\n\n<li><a href=\"https:\/\/drive.google.com\/file\/d\/1udHF8EfTeQDQY30mZj7qb5vxw1aHuNp9\/view?usp=sharing\" target=\"_blank\" rel=\"noopener\">Polaco<\/a><\/li>\n\n\n\n<li><a href=\"https:\/\/drive.google.com\/file\/d\/1cU7lBxBFMoMvHiYmWN-EQYPgs-VyP5r7\/view?usp=sharing\" target=\"_blank\" data-type=\"link\" data-id=\"https:\/\/drive.google.com\/file\/d\/1cU7lBxBFMoMvHiYmWN-EQYPgs-VyP5r7\/view?usp=sharing\" rel=\"noreferrer noopener\">Ruso<\/a><\/li>\n\n\n\n<li><a href=\"https:\/\/drive.google.com\/file\/d\/1JdpJ53CiSWGVZRz_6yCXc3ck8W9AzFI1\/view?usp=drive_link\" data-type=\"link\" data-id=\"https:\/\/drive.google.com\/file\/d\/1JdpJ53CiSWGVZRz_6yCXc3ck8W9AzFI1\/view?usp=drive_link\" target=\"_blank\" rel=\"noopener\">Espa\u00f1ol<\/a><\/li>\n\n\n\n<li><a href=\"https:\/\/drive.google.com\/file\/d\/1uppzWRyWlEl04omdp3_avXUex8qi8Sct\/view?usp=sharing\" target=\"_blank\" data-type=\"link\" data-id=\"https:\/\/drive.google.com\/file\/d\/1uppzWRyWlEl04omdp3_avXUex8qi8Sct\/view?usp=sharing\" rel=\"noreferrer noopener\">Uzbeko<\/a><\/li>\n<\/ul>\n\n<h2 class=\"wp-block-heading\">Gesti\u00f3n de herramientas<\/h2>\n\n<p>Este manual ofrece una visi\u00f3n general b\u00e1sica de la <strong><a href=\"https:\/\/remato.com\/es\/herramientas-gestion\/\" data-type=\"page\" data-id=\"149\">gesti\u00f3n de herramientas<\/a><\/strong> (incluido el escaneo de c\u00f3digos QR).<\/p>\n\n<ul class=\"wp-block-list\">\n<li><a href=\"https:\/\/drive.google.com\/file\/d\/1OeeGhS0DJ5woG3UfED4PmJiJ0A9_xhwr\/view?usp=sharing\" target=\"_blank\" data-type=\"link\" data-id=\"https:\/\/drive.google.com\/file\/d\/1OeeGhS0DJ5woG3UfED4PmJiJ0A9_xhwr\/view?usp=sharing\" rel=\"noreferrer noopener\">Ingl\u00e9s<\/a><\/li>\n\n\n\n<li><a href=\"https:\/\/drive.google.com\/file\/d\/1z_kOvzXhWlzblf42c6pxVMLX3GnyMHXH\/view?usp=sharing\" target=\"_blank\" rel=\"noreferrer noopener\">Estonio<\/a><\/li>\n\n\n\n<li><a href=\"https:\/\/drive.google.com\/file\/d\/1zFpiHYweYMM3IMiqqqk0-eS81uFlLBNV\/view?usp=sharing\" target=\"_blank\" data-type=\"link\" data-id=\"https:\/\/drive.google.com\/file\/d\/1zFpiHYweYMM3IMiqqqk0-eS81uFlLBNV\/view?usp=sharing\" rel=\"noreferrer noopener\">Griego<\/a><\/li>\n\n\n\n<li><a href=\"https:\/\/drive.google.com\/file\/d\/1n6uoliDFXt5RTNIANKpBd10NZ10C7hlp\/view?usp=sharing\" target=\"_blank\" data-type=\"link\" data-id=\"https:\/\/drive.google.com\/file\/d\/1n6uoliDFXt5RTNIANKpBd10NZ10C7hlp\/view?usp=sharing\" rel=\"noreferrer noopener\">Let\u00f3n<\/a><\/li>\n\n\n\n<li><a href=\"https:\/\/drive.google.com\/file\/d\/1-6gdTNxvXsI-6N_yin1I6pLDi0yrBf1l\/view?usp=sharing\" data-type=\"link\" data-id=\"https:\/\/drive.google.com\/file\/d\/1-6gdTNxvXsI-6N_yin1I6pLDi0yrBf1l\/view?usp=sharing\" target=\"_blank\" rel=\"noopener\">Polaco<\/a><\/li>\n\n\n\n<li><a href=\"https:\/\/drive.google.com\/file\/d\/1klCmZYOHav1P_VuSOCQmAfuTYo9Uv7hA\/view?usp=sharing\" target=\"_blank\" data-type=\"link\" data-id=\"https:\/\/drive.google.com\/file\/d\/1klCmZYOHav1P_VuSOCQmAfuTYo9Uv7hA\/view?usp=sharing\" rel=\"noreferrer noopener\">Ruso<\/a><\/li>\n\n\n\n<li><a href=\"https:\/\/drive.google.com\/file\/d\/1Z3PVWjNrQA4jLA35jZ1Ec-XO_qQ6nZ4P\/view?usp=drive_link\" data-type=\"link\" data-id=\"https:\/\/drive.google.com\/file\/d\/1Z3PVWjNrQA4jLA35jZ1Ec-XO_qQ6nZ4P\/view?usp=drive_link\" target=\"_blank\" rel=\"noopener\">Espa\u00f1ol<\/a><\/li>\n\n\n\n<li><a href=\"https:\/\/drive.google.com\/file\/d\/14PrCokaBWErKdkoWpmugD1XECuipsXtC\/view?usp=sharing\" target=\"_blank\" data-type=\"link\" data-id=\"https:\/\/drive.google.com\/file\/d\/14PrCokaBWErKdkoWpmugD1XECuipsXtC\/view?usp=sharing\" rel=\"noreferrer noopener\">Uzbeko<\/a><\/li>\n<\/ul>\n\n<h2 class=\"wp-block-heading\">Gesti\u00f3n del sitio de construcci\u00f3n<\/h2>\n\n<p>Si necesita manuales para la <strong><a href=\"https:\/\/remato.com\/es\/gestion-digital-de-la-construccion\/\" data-type=\"page\" data-id=\"11281\">gesti\u00f3n de obras<\/a><\/strong>, p\u00f3ngase en contacto con nuestro equipo de asistencia en <strong><a href=\"mailto:support@remato.com\">support@remato.com<\/a><\/strong> y le ayudaremos con la documentaci\u00f3n adecuada.<\/p>\n\n<p><\/p>\n","protected":false},"excerpt":{"rendered":"<p>Bienvenido a la p\u00e1gina de manuales de usuario de Remato, su lugar de referencia para gu\u00edas paso a paso y documentaci\u00f3n PDF descargable para la plataforma Remato. Aqu\u00ed puede encontrar instrucciones pr\u00e1cticas y explicaciones de las funciones. Tanto si est\u00e1 configurando su equipo por primera vez como si busca una referencia r\u00e1pida, estos manuales le [&hellip;]<\/p>\n","protected":false},"author":4,"featured_media":0,"parent":0,"menu_order":0,"comment_status":"closed","ping_status":"closed","template":"","meta":{"_acf_changed":false,"footnotes":""},"class_list":["post-28794","page","type-page","status-publish","hentry"],"acf":[],"_links":{"self":[{"href":"https:\/\/remato.com\/es\/wp-json\/wp\/v2\/pages\/28794","targetHints":{"allow":["GET"]}}],"collection":[{"href":"https:\/\/remato.com\/es\/wp-json\/wp\/v2\/pages"}],"about":[{"href":"https:\/\/remato.com\/es\/wp-json\/wp\/v2\/types\/page"}],"author":[{"embeddable":true,"href":"https:\/\/remato.com\/es\/wp-json\/wp\/v2\/users\/4"}],"replies":[{"embeddable":true,"href":"https:\/\/remato.com\/es\/wp-json\/wp\/v2\/comments?post=28794"}],"version-history":[{"count":2,"href":"https:\/\/remato.com\/es\/wp-json\/wp\/v2\/pages\/28794\/revisions"}],"predecessor-version":[{"id":29018,"href":"https:\/\/remato.com\/es\/wp-json\/wp\/v2\/pages\/28794\/revisions\/29018"}],"wp:attachment":[{"href":"https:\/\/remato.com\/es\/wp-json\/wp\/v2\/media?parent=28794"}],"curies":[{"name":"wp","href":"https:\/\/api.w.org\/{rel}","templated":true}]}}