{"id":18376,"date":"2025-01-16T19:32:25","date_gmt":"2025-01-16T19:32:25","guid":{"rendered":"https:\/\/remato.com\/construction-photo-app\/"},"modified":"2025-10-15T15:52:32","modified_gmt":"2025-10-15T15:52:32","slug":"aplicacion-fotos-construccion","status":"publish","type":"page","link":"https:\/\/remato.com\/es\/aplicacion-fotos-construccion\/","title":{"rendered":"Aplicaci\u00f3n de Fotograf\u00eda para Construcci\u00f3n"},"content":{"rendered":"","protected":false},"excerpt":{"rendered":"","protected":false},"author":4,"featured_media":0,"parent":0,"menu_order":0,"comment_status":"closed","ping_status":"closed","template":"templates\/product.php","meta":{"_acf_changed":false,"footnotes":""},"class_list":["post-18376","page","type-page","status-publish","hentry"],"acf":[],"_links":{"self":[{"href":"https:\/\/remato.com\/es\/wp-json\/wp\/v2\/pages\/18376","targetHints":{"allow":["GET"]}}],"collection":[{"href":"https:\/\/remato.com\/es\/wp-json\/wp\/v2\/pages"}],"about":[{"href":"https:\/\/remato.com\/es\/wp-json\/wp\/v2\/types\/page"}],"author":[{"embeddable":true,"href":"https:\/\/remato.com\/es\/wp-json\/wp\/v2\/users\/4"}],"replies":[{"embeddable":true,"href":"https:\/\/remato.com\/es\/wp-json\/wp\/v2\/comments?post=18376"}],"version-history":[{"count":2,"href":"https:\/\/remato.com\/es\/wp-json\/wp\/v2\/pages\/18376\/revisions"}],"predecessor-version":[{"id":18497,"href":"https:\/\/remato.com\/es\/wp-json\/wp\/v2\/pages\/18376\/revisions\/18497"}],"wp:attachment":[{"href":"https:\/\/remato.com\/es\/wp-json\/wp\/v2\/media?parent=18376"}],"curies":[{"name":"wp","href":"https:\/\/api.w.org\/{rel}","templated":true}]}}