{"id":28812,"date":"2026-01-21T12:00:28","date_gmt":"2026-01-21T12:00:28","guid":{"rendered":"https:\/\/remato.com\/handbuecher\/"},"modified":"2026-02-15T21:44:23","modified_gmt":"2026-02-15T21:44:23","slug":"handbuecher","status":"publish","type":"page","link":"https:\/\/remato.com\/de\/handbuecher\/","title":{"rendered":"Handb\u00fccher"},"content":{"rendered":"\n<p>Willkommen auf der Remato-Seite f\u00fcr <strong>Benutzerhandb\u00fccher<\/strong>, Ihrem zentralen Ort f\u00fcr Schritt-f\u00fcr-Schritt-Anleitungen und <strong>herunterladbare PDF<\/strong>-Dokumentationen f\u00fcr die Remato-Plattform. Hier finden Sie praktische Anweisungen und Erl\u00e4uterungen zu den Funktionen. Egal, ob Sie Ihr Team zum ersten Mal einrichten oder eine kurze Referenz suchen, <strong>diese Handb\u00fccher helfen Ihnen dabei, Ihr Team an Bord zu holen.<\/strong><\/p>\n\n<p>Alle Handb\u00fccher werden als einfach herunterladbare <strong>PDF-Dateien<\/strong> bereitgestellt und sind in <strong>mehreren Sprachen<\/strong> verf\u00fcgbar, damit Ihr gesamtes Team in der Sprache lernen und arbeiten kann, in der es sich am wohlsten f\u00fchlt. Wir verbessern und aktualisieren unsere Dokumentation regelm\u00e4\u00dfig, um sie klar, hilfreich und auf die neuesten Remato-Funktionen abgestimmt zu halten.<\/p>\n\n<p>Verwenden Sie die folgenden Abschnitte, um das ben\u00f6tigte Handbuch auszuw\u00e4hlen und es in Ihrer bevorzugten Sprache herunterzuladen.<\/p>\n\n<h2 class=\"wp-block-heading\">Besatzungsmanagement<\/h2>\n\n<p>Dieses Handbuch hilft bei der Ersteinrichtung, <a href=\"https:\/\/remato.com\/de\/zeiterfassungssoftware-fuer-das-baugewerbe\/\" data-type=\"page\" data-id=\"18779\"><strong>Zeiterfassung<\/strong><\/a> und <a href=\"https:\/\/remato.com\/de\/bau-foto-app\/\" data-type=\"page\" data-id=\"18254\"><strong>Fotos<\/strong><\/a>.<\/p>\n\n<ul class=\"wp-block-list\">\n<li><a href=\"https:\/\/drive.google.com\/file\/d\/1xC2D4l_VBQFO27rKrpOXQhiYCWTXBKQY\/view?usp=sharing\" target=\"_blank\" rel=\"noreferrer noopener\">Englisch<\/a><\/li>\n\n\n\n<li><a href=\"https:\/\/drive.google.com\/file\/d\/11C0p9JDLCksEtPu3ZoX0FYwsT_Peevbu\/view?usp=sharing\" target=\"_blank\" rel=\"noreferrer noopener\">Estnisch<\/a><\/li>\n\n\n\n<li><a href=\"https:\/\/drive.google.com\/file\/d\/1r9I-jm5_KdDRupknbCUyfLJf1CmXjLyq\/view?usp=sharing\" target=\"_blank\" rel=\"noreferrer noopener\">Griechisch<\/a><\/li>\n\n\n\n<li><a href=\"https:\/\/drive.google.com\/file\/d\/1m6kjJaEu-PDV0oVtDKboAWfqwHUyv91W\/view?usp=sharing\" target=\"_blank\" rel=\"noreferrer noopener\">Lettisch<\/a><\/li>\n\n\n\n<li><a href=\"https:\/\/drive.google.com\/file\/d\/1udHF8EfTeQDQY30mZj7qb5vxw1aHuNp9\/view?usp=sharing\" target=\"_blank\" rel=\"noopener\">Polnisch<\/a><\/li>\n\n\n\n<li><a href=\"https:\/\/drive.google.com\/file\/d\/1cU7lBxBFMoMvHiYmWN-EQYPgs-VyP5r7\/view?usp=sharing\" target=\"_blank\" data-type=\"link\" data-id=\"https:\/\/drive.google.com\/file\/d\/1cU7lBxBFMoMvHiYmWN-EQYPgs-VyP5r7\/view?usp=sharing\" rel=\"noreferrer noopener\">Russisch<\/a><\/li>\n\n\n\n<li><a href=\"https:\/\/drive.google.com\/file\/d\/1JdpJ53CiSWGVZRz_6yCXc3ck8W9AzFI1\/view?usp=drive_link\" data-type=\"link\" data-id=\"https:\/\/drive.google.com\/file\/d\/1JdpJ53CiSWGVZRz_6yCXc3ck8W9AzFI1\/view?usp=drive_link\" target=\"_blank\" rel=\"noopener\">Spanisch<\/a><\/li>\n\n\n\n<li><a href=\"https:\/\/drive.google.com\/file\/d\/1uppzWRyWlEl04omdp3_avXUex8qi8Sct\/view?usp=sharing\" target=\"_blank\" data-type=\"link\" data-id=\"https:\/\/drive.google.com\/file\/d\/1uppzWRyWlEl04omdp3_avXUex8qi8Sct\/view?usp=sharing\" rel=\"noreferrer noopener\">Usbekisch<\/a><\/li>\n<\/ul>\n\n<h2 class=\"wp-block-heading\">Werkzeugverwaltung<\/h2>\n\n<p>Dieses Handbuch gibt einen grundlegenden \u00dcberblick \u00fcber die <strong><a href=\"https:\/\/remato.com\/de\/werkzeugmanagement\/\" data-type=\"page\" data-id=\"149\">Werkzeugverwaltung<\/a><\/strong> (inkl. QR-Code-Scanning).<\/p>\n\n<ul class=\"wp-block-list\">\n<li><a href=\"https:\/\/drive.google.com\/file\/d\/1OeeGhS0DJ5woG3UfED4PmJiJ0A9_xhwr\/view?usp=sharing\" target=\"_blank\" data-type=\"link\" data-id=\"https:\/\/drive.google.com\/file\/d\/1OeeGhS0DJ5woG3UfED4PmJiJ0A9_xhwr\/view?usp=sharing\" rel=\"noreferrer noopener\">Englisch<\/a><\/li>\n\n\n\n<li><a href=\"https:\/\/drive.google.com\/file\/d\/1z_kOvzXhWlzblf42c6pxVMLX3GnyMHXH\/view?usp=sharing\" target=\"_blank\" rel=\"noreferrer noopener\">Estnisch<\/a><\/li>\n\n\n\n<li><a href=\"https:\/\/drive.google.com\/file\/d\/1zFpiHYweYMM3IMiqqqk0-eS81uFlLBNV\/view?usp=sharing\" target=\"_blank\" data-type=\"link\" data-id=\"https:\/\/drive.google.com\/file\/d\/1zFpiHYweYMM3IMiqqqk0-eS81uFlLBNV\/view?usp=sharing\" rel=\"noreferrer noopener\">Griechisch<\/a><\/li>\n\n\n\n<li><a href=\"https:\/\/drive.google.com\/file\/d\/1n6uoliDFXt5RTNIANKpBd10NZ10C7hlp\/view?usp=sharing\" target=\"_blank\" data-type=\"link\" data-id=\"https:\/\/drive.google.com\/file\/d\/1n6uoliDFXt5RTNIANKpBd10NZ10C7hlp\/view?usp=sharing\" rel=\"noreferrer noopener\">Lettisch<\/a><\/li>\n\n\n\n<li><a href=\"https:\/\/drive.google.com\/file\/d\/1-6gdTNxvXsI-6N_yin1I6pLDi0yrBf1l\/view?usp=sharing\" data-type=\"link\" data-id=\"https:\/\/drive.google.com\/file\/d\/1-6gdTNxvXsI-6N_yin1I6pLDi0yrBf1l\/view?usp=sharing\" target=\"_blank\" rel=\"noopener\">Polnisch<\/a><\/li>\n\n\n\n<li><a href=\"https:\/\/drive.google.com\/file\/d\/1klCmZYOHav1P_VuSOCQmAfuTYo9Uv7hA\/view?usp=sharing\" target=\"_blank\" data-type=\"link\" data-id=\"https:\/\/drive.google.com\/file\/d\/1klCmZYOHav1P_VuSOCQmAfuTYo9Uv7hA\/view?usp=sharing\" rel=\"noreferrer noopener\">Russisch<\/a><\/li>\n\n\n\n<li><a href=\"https:\/\/drive.google.com\/file\/d\/1Z3PVWjNrQA4jLA35jZ1Ec-XO_qQ6nZ4P\/view?usp=drive_link\" data-type=\"link\" data-id=\"https:\/\/drive.google.com\/file\/d\/1Z3PVWjNrQA4jLA35jZ1Ec-XO_qQ6nZ4P\/view?usp=drive_link\" target=\"_blank\" rel=\"noopener\">Spanisch<\/a><\/li>\n\n\n\n<li><a href=\"https:\/\/drive.google.com\/file\/d\/14PrCokaBWErKdkoWpmugD1XECuipsXtC\/view?usp=sharing\" target=\"_blank\" data-type=\"link\" data-id=\"https:\/\/drive.google.com\/file\/d\/14PrCokaBWErKdkoWpmugD1XECuipsXtC\/view?usp=sharing\" rel=\"noreferrer noopener\">Usbekisch<\/a><\/li>\n<\/ul>\n\n<h2 class=\"wp-block-heading\">Baustellenmanagement<\/h2>\n\n<p>Wenn Sie Handb\u00fccher f\u00fcr das <strong><a href=\"https:\/\/remato.com\/de\/digital-baustellen-management\/\" data-type=\"page\" data-id=\"11281\">Baustellenmanagement<\/a><\/strong> ben\u00f6tigen, wenden Sie sich bitte an unser Support-Team unter <strong><a href=\"mailto:support@remato.com\">support@remato.com<\/a><\/strong>, und wir helfen Ihnen mit der richtigen Dokumentation.<\/p>\n\n<p><\/p>\n","protected":false},"excerpt":{"rendered":"<p>Willkommen auf der Remato-Seite f\u00fcr Benutzerhandb\u00fccher, Ihrem zentralen Ort f\u00fcr Schritt-f\u00fcr-Schritt-Anleitungen und herunterladbare PDF-Dokumentationen f\u00fcr die Remato-Plattform. Hier finden Sie praktische Anweisungen und Erl\u00e4uterungen zu den Funktionen. Egal, ob Sie Ihr Team zum ersten Mal einrichten oder eine kurze Referenz suchen, diese Handb\u00fccher helfen Ihnen dabei, Ihr Team an Bord zu holen. Alle Handb\u00fccher werden [&hellip;]<\/p>\n","protected":false},"author":4,"featured_media":0,"parent":0,"menu_order":0,"comment_status":"closed","ping_status":"closed","template":"","meta":{"_acf_changed":false,"footnotes":""},"class_list":["post-28812","page","type-page","status-publish","hentry"],"acf":[],"_links":{"self":[{"href":"https:\/\/remato.com\/de\/wp-json\/wp\/v2\/pages\/28812","targetHints":{"allow":["GET"]}}],"collection":[{"href":"https:\/\/remato.com\/de\/wp-json\/wp\/v2\/pages"}],"about":[{"href":"https:\/\/remato.com\/de\/wp-json\/wp\/v2\/types\/page"}],"author":[{"embeddable":true,"href":"https:\/\/remato.com\/de\/wp-json\/wp\/v2\/users\/4"}],"replies":[{"embeddable":true,"href":"https:\/\/remato.com\/de\/wp-json\/wp\/v2\/comments?post=28812"}],"version-history":[{"count":2,"href":"https:\/\/remato.com\/de\/wp-json\/wp\/v2\/pages\/28812\/revisions"}],"predecessor-version":[{"id":29022,"href":"https:\/\/remato.com\/de\/wp-json\/wp\/v2\/pages\/28812\/revisions\/29022"}],"wp:attachment":[{"href":"https:\/\/remato.com\/de\/wp-json\/wp\/v2\/media?parent=28812"}],"curies":[{"name":"wp","href":"https:\/\/api.w.org\/{rel}","templated":true}]}}