{"id":28792,"date":"2026-01-21T12:00:28","date_gmt":"2026-01-21T12:00:28","guid":{"rendered":"https:\/\/remato.com\/manualer\/"},"modified":"2026-02-10T12:34:05","modified_gmt":"2026-02-10T12:34:05","slug":"manualer","status":"publish","type":"page","link":"https:\/\/remato.com\/da\/manualer\/","title":{"rendered":"Manualer"},"content":{"rendered":"\n<p>Velkommen til Rematos side med <strong>brugervejledninger<\/strong>, din foretrukne side med trinvise vejledninger og <strong>PDF-dokumentation, der kan downloades<\/strong>, til Remato-platformen. Her kan du finde praktiske instruktioner og forklaringer af funktioner. Uanset om du konfigurerer dit team for f\u00f8rste gang eller leder efter en hurtig reference, <strong>vil disse manualer hj\u00e6lpe dig med at f\u00e5 dit team onboardet.<\/strong><\/p>\n\n<p>Alle manualer leveres som letdownloadbare <strong>PDF-filer<\/strong> og er tilg\u00e6ngelige p\u00e5 <strong>flere sprog<\/strong>, s\u00e5 hele dit team kan l\u00e6re og arbejde p\u00e5 det sprog, de f\u00f8ler sig mest komfortable med. Vi forbedrer og opdaterer l\u00f8bende vores dokumentation for at holde den klar, hj\u00e6lpsom og afstemt med de nyeste Remato-funktioner.<\/p>\n\n<p>Brug afsnittene nedenfor til at v\u00e6lge den manual, du har brug for, og download den p\u00e5 dit foretrukne sprog.<\/p>\n\n<h2 class=\"wp-block-heading\">Bes\u00e6tningsledelse<\/h2>\n\n<p>Denne manual hj\u00e6lper med den indledende ops\u00e6tning, <a href=\"https:\/\/remato.com\/da\/software-til-tidsregistrering-i-byggeriet\/\" data-type=\"page\" data-id=\"18779\"><strong>tidsregistrering<\/strong><\/a> og <a href=\"https:\/\/remato.com\/da\/byggefoto-app\/\" data-type=\"page\" data-id=\"18254\"><strong>fotos<\/strong><\/a>.<\/p>\n\n<ul class=\"wp-block-list\">\n<li><a href=\"https:\/\/drive.google.com\/file\/d\/1xC2D4l_VBQFO27rKrpOXQhiYCWTXBKQY\/view?usp=sharing\" target=\"_blank\" rel=\"noreferrer noopener\">Engelsk<\/a><\/li>\n\n\n\n<li><a href=\"https:\/\/drive.google.com\/file\/d\/11C0p9JDLCksEtPu3ZoX0FYwsT_Peevbu\/view?usp=sharing\" target=\"_blank\" rel=\"noreferrer noopener\">Estisk<\/a><\/li>\n\n\n\n<li><a href=\"https:\/\/drive.google.com\/file\/d\/1r9I-jm5_KdDRupknbCUyfLJf1CmXjLyq\/view?usp=sharing\" target=\"_blank\" rel=\"noreferrer noopener\">Gr\u00e6sk<\/a><\/li>\n\n\n\n<li><a href=\"https:\/\/drive.google.com\/file\/d\/1m6kjJaEu-PDV0oVtDKboAWfqwHUyv91W\/view?usp=sharing\" target=\"_blank\" rel=\"noreferrer noopener\">Lettisk<\/a><\/li>\n\n\n\n<li><a href=\"https:\/\/drive.google.com\/file\/d\/1udHF8EfTeQDQY30mZj7qb5vxw1aHuNp9\/view?usp=sharing\" target=\"_blank\" rel=\"noopener\">Polsk<\/a><\/li>\n\n\n\n<li><a href=\"https:\/\/drive.google.com\/file\/d\/1cU7lBxBFMoMvHiYmWN-EQYPgs-VyP5r7\/view?usp=sharing\" target=\"_blank\" data-type=\"link\" data-id=\"https:\/\/drive.google.com\/file\/d\/1cU7lBxBFMoMvHiYmWN-EQYPgs-VyP5r7\/view?usp=sharing\" rel=\"noreferrer noopener\">Russisk<\/a><\/li>\n\n\n\n<li><a href=\"https:\/\/drive.google.com\/file\/d\/1JdpJ53CiSWGVZRz_6yCXc3ck8W9AzFI1\/view?usp=drive_link\" data-type=\"link\" data-id=\"https:\/\/drive.google.com\/file\/d\/1JdpJ53CiSWGVZRz_6yCXc3ck8W9AzFI1\/view?usp=drive_link\" target=\"_blank\" rel=\"noopener\">Spansk<\/a><\/li>\n\n\n\n<li><a href=\"https:\/\/drive.google.com\/file\/d\/1uppzWRyWlEl04omdp3_avXUex8qi8Sct\/view?usp=sharing\" target=\"_blank\" data-type=\"link\" data-id=\"https:\/\/drive.google.com\/file\/d\/1uppzWRyWlEl04omdp3_avXUex8qi8Sct\/view?usp=sharing\" rel=\"noreferrer noopener\">Usbekisk<\/a><\/li>\n<\/ul>\n\n<h2 class=\"wp-block-heading\">V\u00e6rkt\u00f8jsstyring<\/h2>\n\n<p>Denne manual giver et grundl\u00e6ggende overblik over <strong><a href=\"https:\/\/remato.com\/da\/vaerktojsstyring\/\" data-type=\"page\" data-id=\"149\">v\u00e6rkt\u00f8jsstyring<\/a><\/strong> (inkl. QR-kodescanning).<\/p>\n\n<ul class=\"wp-block-list\">\n<li><a href=\"https:\/\/drive.google.com\/file\/d\/1OeeGhS0DJ5woG3UfED4PmJiJ0A9_xhwr\/view?usp=sharing\" target=\"_blank\" data-type=\"link\" data-id=\"https:\/\/drive.google.com\/file\/d\/1OeeGhS0DJ5woG3UfED4PmJiJ0A9_xhwr\/view?usp=sharing\" rel=\"noreferrer noopener\">Engelsk<\/a><\/li>\n\n\n\n<li><a href=\"https:\/\/drive.google.com\/file\/d\/1z_kOvzXhWlzblf42c6pxVMLX3GnyMHXH\/view?usp=sharing\" target=\"_blank\" rel=\"noreferrer noopener\">Estisk<\/a><\/li>\n\n\n\n<li><a href=\"https:\/\/drive.google.com\/file\/d\/1zFpiHYweYMM3IMiqqqk0-eS81uFlLBNV\/view?usp=sharing\" target=\"_blank\" data-type=\"link\" data-id=\"https:\/\/drive.google.com\/file\/d\/1zFpiHYweYMM3IMiqqqk0-eS81uFlLBNV\/view?usp=sharing\" rel=\"noreferrer noopener\">Gr\u00e6sk<\/a><\/li>\n\n\n\n<li><a href=\"https:\/\/drive.google.com\/file\/d\/1n6uoliDFXt5RTNIANKpBd10NZ10C7hlp\/view?usp=sharing\" target=\"_blank\" data-type=\"link\" data-id=\"https:\/\/drive.google.com\/file\/d\/1n6uoliDFXt5RTNIANKpBd10NZ10C7hlp\/view?usp=sharing\" rel=\"noreferrer noopener\">Lettisk<\/a><\/li>\n\n\n\n<li><a href=\"https:\/\/drive.google.com\/file\/d\/1-6gdTNxvXsI-6N_yin1I6pLDi0yrBf1l\/view?usp=sharing\" data-type=\"link\" data-id=\"https:\/\/drive.google.com\/file\/d\/1-6gdTNxvXsI-6N_yin1I6pLDi0yrBf1l\/view?usp=sharing\" target=\"_blank\" rel=\"noopener\">Polsk<\/a><\/li>\n\n\n\n<li><a href=\"https:\/\/drive.google.com\/file\/d\/1klCmZYOHav1P_VuSOCQmAfuTYo9Uv7hA\/view?usp=sharing\" target=\"_blank\" data-type=\"link\" data-id=\"https:\/\/drive.google.com\/file\/d\/1klCmZYOHav1P_VuSOCQmAfuTYo9Uv7hA\/view?usp=sharing\" rel=\"noreferrer noopener\">Russisk<\/a><\/li>\n\n\n\n<li><a href=\"https:\/\/drive.google.com\/file\/d\/1Z3PVWjNrQA4jLA35jZ1Ec-XO_qQ6nZ4P\/view?usp=drive_link\" data-type=\"link\" data-id=\"https:\/\/drive.google.com\/file\/d\/1Z3PVWjNrQA4jLA35jZ1Ec-XO_qQ6nZ4P\/view?usp=drive_link\" target=\"_blank\" rel=\"noopener\">Spansk<\/a><\/li>\n\n\n\n<li><a href=\"https:\/\/drive.google.com\/file\/d\/14PrCokaBWErKdkoWpmugD1XECuipsXtC\/view?usp=sharing\" target=\"_blank\" data-type=\"link\" data-id=\"https:\/\/drive.google.com\/file\/d\/14PrCokaBWErKdkoWpmugD1XECuipsXtC\/view?usp=sharing\" rel=\"noreferrer noopener\">Usbekisk<\/a><\/li>\n<\/ul>\n\n<h2 class=\"wp-block-heading\">Byggepladsledelse<\/h2>\n\n<p>Hvis du har brug for manualer til <strong><a href=\"https:\/\/remato.com\/da\/digital-byggeplads-administration\/\" data-type=\"page\" data-id=\"11281\">byggepladsstyring<\/a><\/strong>, bedes du kontakte vores supportteam p\u00e5 <strong><a href=\"mailto:support@remato.com\">support@remato.com<\/a><\/strong>, s\u00e5 hj\u00e6lper vi dig med den rette dokumentation.<\/p>\n\n<p><\/p>\n","protected":false},"excerpt":{"rendered":"<p>Velkommen til Rematos side med brugervejledninger, din foretrukne side med trinvise vejledninger og PDF-dokumentation, der kan downloades, til Remato-platformen. Her kan du finde praktiske instruktioner og forklaringer af funktioner. Uanset om du konfigurerer dit team for f\u00f8rste gang eller leder efter en hurtig reference, vil disse manualer hj\u00e6lpe dig med at f\u00e5 dit team onboardet. [&hellip;]<\/p>\n","protected":false},"author":4,"featured_media":0,"parent":0,"menu_order":0,"comment_status":"closed","ping_status":"closed","template":"","meta":{"_acf_changed":false,"footnotes":""},"class_list":["post-28792","page","type-page","status-publish","hentry"],"acf":[],"_links":{"self":[{"href":"https:\/\/remato.com\/da\/wp-json\/wp\/v2\/pages\/28792","targetHints":{"allow":["GET"]}}],"collection":[{"href":"https:\/\/remato.com\/da\/wp-json\/wp\/v2\/pages"}],"about":[{"href":"https:\/\/remato.com\/da\/wp-json\/wp\/v2\/types\/page"}],"author":[{"embeddable":true,"href":"https:\/\/remato.com\/da\/wp-json\/wp\/v2\/users\/4"}],"replies":[{"embeddable":true,"href":"https:\/\/remato.com\/da\/wp-json\/wp\/v2\/comments?post=28792"}],"version-history":[{"count":2,"href":"https:\/\/remato.com\/da\/wp-json\/wp\/v2\/pages\/28792\/revisions"}],"predecessor-version":[{"id":29009,"href":"https:\/\/remato.com\/da\/wp-json\/wp\/v2\/pages\/28792\/revisions\/29009"}],"wp:attachment":[{"href":"https:\/\/remato.com\/da\/wp-json\/wp\/v2\/media?parent=28792"}],"curies":[{"name":"wp","href":"https:\/\/api.w.org\/{rel}","templated":true}]}}